{"id":6580,"date":"2024-12-12T01:18:09","date_gmt":"2024-12-12T00:18:09","guid":{"rendered":"https:\/\/pickleballfans.eu\/new\/?page_id=6580"},"modified":"2025-02-27T16:37:26","modified_gmt":"2025-02-27T15:37:26","slug":"pickleball","status":"publish","type":"page","link":"https:\/\/pickleballfans.eu\/de\/pickleball\/","title":{"rendered":"Pickleball"},"content":{"rendered":"<div data-elementor-type=\"wp-page\" data-elementor-id=\"6580\" class=\"elementor elementor-6580\" data-elementor-post-type=\"page\">\n\t\t\t\t<div class=\"elementor-element elementor-element-2703c0f e-flex e-con-boxed e-con e-parent\" data-id=\"2703c0f\" data-element_type=\"container\" data-e-type=\"container\">\n\t\t\t\t\t<div class=\"e-con-inner\">\n\t\t\t\t<div class=\"elementor-element elementor-element-978092a elementor-widget elementor-widget-heading\" data-id=\"978092a\" data-element_type=\"widget\" data-e-type=\"widget\" data-widget_type=\"heading.default\">\n\t\t\t\t<div class=\"elementor-widget-container\">\n\t\t\t\t\t<h2 class=\"elementor-heading-title elementor-size-default translation-block\">Pickleball ist wohl die beliebteste Sportart in den Vereinigten Staaten. Nach Angaben der <a style=\"color:#2C627A\" href=\"https:\/\/sfia.org\/resources\/sfias-topline-report-shows-physical-activity-rates-increased-for-a-fifth-consecutive-year\/\" target=\"_blank\">Sports and Fitness Industry Association<\/a> ist, dass sich die Zahl der Pickleball-Spieler in den USA bis 2022 verdoppelt und innerhalb von drei Jahren um fast 159 Prozent zugenommen hat. Weltweit ist Pickleball auf dem Vormarsch!<\/h2>\t\t\t\t<\/div>\n\t\t\t\t<\/div>\n\t\t\t\t<div class=\"elementor-element elementor-element-840eec3 elementor-widget elementor-widget-heading\" data-id=\"840eec3\" data-element_type=\"widget\" data-e-type=\"widget\" data-widget_type=\"heading.default\">\n\t\t\t\t<div class=\"elementor-widget-container\">\n\t\t\t\t\t<h1 class=\"elementor-heading-title elementor-size-default\">Was macht Pickleball so beliebt?<\/h1>\t\t\t\t<\/div>\n\t\t\t\t<\/div>\n\t\t<div class=\"elementor-element elementor-element-fc38a4e e-grid e-con-boxed e-con e-child\" data-id=\"fc38a4e\" data-element_type=\"container\" data-e-type=\"container\" data-settings=\"{&quot;background_background&quot;:&quot;classic&quot;}\">\n\t\t\t\t\t<div class=\"e-con-inner\">\n\t\t<div class=\"elementor-element elementor-element-5e21b2b e-con-full e-flex e-con e-child\" data-id=\"5e21b2b\" data-element_type=\"container\" data-e-type=\"container\" data-settings=\"{&quot;background_background&quot;:&quot;classic&quot;}\">\n\t\t\t\t<div class=\"elementor-element elementor-element-6fb70f7 title elementor-widget elementor-widget-heading\" data-id=\"6fb70f7\" data-element_type=\"widget\" data-e-type=\"widget\" data-widget_type=\"heading.default\">\n\t\t\t\t<div class=\"elementor-widget-container\">\n\t\t\t\t\t<h2 class=\"elementor-heading-title elementor-size-default\">Zug\u00e4nglich<\/h2>\t\t\t\t<\/div>\n\t\t\t\t<\/div>\n\t\t\t\t<div class=\"elementor-element elementor-element-d377bed elementor-widget elementor-widget-text-editor\" data-id=\"d377bed\" data-element_type=\"widget\" data-e-type=\"widget\" data-widget_type=\"text-editor.default\">\n\t\t\t\t<div class=\"elementor-widget-container\">\n\t\t\t\t\t\t\t\t\t<p>Es kann von Menschen jeden Alters gespielt werden. Das Spiel ist sehr leicht zu erlernen.<\/p><p>Neueinsteiger k\u00f6nnen <strong>Schon nach wenigen Trainingseinheiten k\u00f6nnen Sie Spiele spielen.<\/strong> Spa\u00df garantiert!<\/p>\t\t\t\t\t\t\t\t<\/div>\n\t\t\t\t<\/div>\n\t\t\t\t<\/div>\n\t\t<div class=\"elementor-element elementor-element-d01817c e-con-full e-flex e-con e-child\" data-id=\"d01817c\" data-element_type=\"container\" data-e-type=\"container\" data-settings=\"{&quot;background_background&quot;:&quot;classic&quot;}\">\n\t\t\t\t<div class=\"elementor-element elementor-element-237c62f title elementor-widget elementor-widget-heading\" data-id=\"237c62f\" data-element_type=\"widget\" data-e-type=\"widget\" data-widget_type=\"heading.default\">\n\t\t\t\t<div class=\"elementor-widget-container\">\n\t\t\t\t\t<h2 class=\"elementor-heading-title elementor-size-default\">Soziale Kontakte<\/h2>\t\t\t\t<\/div>\n\t\t\t\t<\/div>\n\t\t\t\t<div class=\"elementor-element elementor-element-bb3ab89 elementor-widget elementor-widget-text-editor\" data-id=\"bb3ab89\" data-element_type=\"widget\" data-e-type=\"widget\" data-widget_type=\"text-editor.default\">\n\t\t\t\t<div class=\"elementor-widget-container\">\n\t\t\t\t\t\t\t\t\t<p>Pickleball ist nicht nur ein Sport, sondern auch eine soziale Aktivit\u00e4t. Pickleball wird sowohl als Wettkampf- als auch als Freizeitsport gespielt.<br \/>Es ist die perfekte Gelegenheit, um neue Kontakte zu kn\u00fcpfen. In vielen Pickleball-Vereinen trifft man sich mehrmals pro Woche. Es werden immer mehr Turniere organisiert. Zusammengeh\u00f6rigkeit in Reinkultur!<\/p>\t\t\t\t\t\t\t\t<\/div>\n\t\t\t\t<\/div>\n\t\t\t\t<\/div>\n\t\t<div class=\"elementor-element elementor-element-36d7548 e-con-full e-flex e-con e-child\" data-id=\"36d7548\" data-element_type=\"container\" data-e-type=\"container\" data-settings=\"{&quot;background_background&quot;:&quot;classic&quot;}\">\n\t\t\t\t<div class=\"elementor-element elementor-element-c8eccc6 title elementor-widget elementor-widget-heading\" data-id=\"c8eccc6\" data-element_type=\"widget\" data-e-type=\"widget\" data-widget_type=\"heading.default\">\n\t\t\t\t<div class=\"elementor-widget-container\">\n\t\t\t\t\t<h2 class=\"elementor-heading-title elementor-size-default\">Vielseitigkeit<\/h2>\t\t\t\t<\/div>\n\t\t\t\t<\/div>\n\t\t\t\t<div class=\"elementor-element elementor-element-cdb43e6 elementor-widget elementor-widget-text-editor\" data-id=\"cdb43e6\" data-element_type=\"widget\" data-e-type=\"widget\" data-widget_type=\"text-editor.default\">\n\t\t\t\t<div class=\"elementor-widget-container\">\n\t\t\t\t\t\t\t\t\tPickleball ist eine vielseitige Sportart, die man sowohl in der Halle als auch im Freien auf verschiedenen Untergr\u00fcnden wie Beton, Asphalt oder speziell angelegten Pl\u00e4tzen spielen kann. Es werden sowohl Doppel als auch Einzel gespielt. Dies bietet Flexibilit\u00e4t f\u00fcr Spieler mit unterschiedlichen Vorlieben und F\u00e4higkeiten.\t\t\t\t\t\t\t\t<\/div>\n\t\t\t\t<\/div>\n\t\t\t\t<\/div>\n\t\t\t\t\t<\/div>\n\t\t\t\t<\/div>\n\t\t\t\t\t<\/div>\n\t\t\t\t<\/div>\n\t\t<div class=\"elementor-element elementor-element-46e8f8b e-grid e-con-boxed e-con e-parent\" data-id=\"46e8f8b\" data-element_type=\"container\" data-e-type=\"container\" data-settings=\"{&quot;background_background&quot;:&quot;classic&quot;}\">\n\t\t\t\t\t<div class=\"e-con-inner\">\n\t\t<div class=\"elementor-element elementor-element-fc4e126 e-con-full e-flex e-con e-child\" data-id=\"fc4e126\" data-element_type=\"container\" data-e-type=\"container\">\n\t\t\t\t<div class=\"elementor-element elementor-element-82e7715 elementor-widget elementor-widget-video\" data-id=\"82e7715\" data-element_type=\"widget\" data-e-type=\"widget\" data-settings=\"{&quot;youtube_url&quot;:&quot;https:\\\/\\\/www.youtube.com\\\/watch?v=j_QjxBz2qDM&quot;,&quot;start&quot;:3,&quot;lazy_load&quot;:&quot;yes&quot;,&quot;video_type&quot;:&quot;youtube&quot;}\" data-widget_type=\"video.default\">\n\t\t\t\t<div class=\"elementor-widget-container\">\n\t\t\t\t\t\t\t<div class=\"elementor-wrapper elementor-open-inline\">\n\t\t\t<div class=\"elementor-video\"><\/div>\t\t<\/div>\n\t\t\t\t\t\t<\/div>\n\t\t\t\t<\/div>\n\t\t\t\t<\/div>\n\t\t<div class=\"elementor-element elementor-element-f5c7668 e-con-full e-flex e-con e-child\" data-id=\"f5c7668\" data-element_type=\"container\" data-e-type=\"container\">\n\t\t\t\t<div class=\"elementor-element elementor-element-559a230 elementor-widget elementor-widget-heading\" data-id=\"559a230\" data-element_type=\"widget\" data-e-type=\"widget\" data-widget_type=\"heading.default\">\n\t\t\t\t<div class=\"elementor-widget-container\">\n\t\t\t\t\t<h1 class=\"elementor-heading-title elementor-size-default\">Wie spielt man Pickleball?<\/h1>\t\t\t\t<\/div>\n\t\t\t\t<\/div>\n\t\t\t\t<div class=\"elementor-element elementor-element-a6bd336 elementor-widget elementor-widget-text-editor\" data-id=\"a6bd336\" data-element_type=\"widget\" data-e-type=\"widget\" data-widget_type=\"text-editor.default\">\n\t\t\t\t<div class=\"elementor-widget-container\">\n\t\t\t\t\t\t\t\t\t<p>Pickleball ist ein Spiel, bei dem man mit Schl\u00e4gern spielt. Diese Schl\u00e4ger k\u00f6nnen aus verschiedenen Materialien bestehen, z. B. aus Holz, Kunststoff, Kohlefaser und mehr. Das Spiel wird mit einem Wiffleball, einem Plastikball mit L\u00f6chern, gespielt.<\/p><p>Ob Sie alleine (Einzel) oder zu zweit auf jeder Seite des Platzes (Doppel) spielen, die Spielfl\u00e4che ist etwa halb so gro\u00df wie ein normaler Tennisplatz. In der Mitte des Platzes befindet sich ein bis zu 91 Zentimeter hohes Netz.<\/p>\t\t\t\t\t\t\t\t<\/div>\n\t\t\t\t<\/div>\n\t\t\t\t<\/div>\n\t\t\t\t\t<\/div>\n\t\t\t\t<\/div>\n\t\t<div class=\"elementor-element elementor-element-17f62ad e-flex e-con-boxed e-con e-parent\" data-id=\"17f62ad\" data-element_type=\"container\" data-e-type=\"container\">\n\t\t\t\t\t<div class=\"e-con-inner\">\n\t\t<div class=\"elementor-element elementor-element-ac5a498 e-con-full e-flex e-con e-child\" data-id=\"ac5a498\" data-element_type=\"container\" data-e-type=\"container\" data-settings=\"{&quot;background_background&quot;:&quot;classic&quot;}\">\n\t\t\t\t<div class=\"elementor-element elementor-element-ff780ce elementor-widget elementor-widget-heading\" data-id=\"ff780ce\" data-element_type=\"widget\" data-e-type=\"widget\" data-widget_type=\"heading.default\">\n\t\t\t\t<div class=\"elementor-widget-container\">\n\t\t\t\t\t<h3 class=\"elementor-heading-title elementor-size-default\">Bevor Sie beginnen, ist es n\u00fctzlich, einige Grundregeln zu kennen<\/h3>\t\t\t\t<\/div>\n\t\t\t\t<\/div>\n\t\t\t\t<div class=\"elementor-element elementor-element-76cde9d elementor-align-start elementor-icon-list--layout-traditional elementor-list-item-link-full_width elementor-widget elementor-widget-icon-list\" data-id=\"76cde9d\" data-element_type=\"widget\" data-e-type=\"widget\" data-widget_type=\"icon-list.default\">\n\t\t\t\t<div class=\"elementor-widget-container\">\n\t\t\t\t\t\t\t<ul class=\"elementor-icon-list-items\">\n\t\t\t\t\t\t\t<li class=\"elementor-icon-list-item\">\n\t\t\t\t\t\t\t\t\t\t\t<span class=\"elementor-icon-list-icon\">\n\t\t\t\t\t\t\t<svg aria-hidden=\"true\" class=\"e-font-icon-svg e-fas-check\" viewbox=\"0 0 512 512\" xmlns=\"http:\/\/www.w3.org\/2000\/svg\"><path d=\"M173.898 439.404l-166.4-166.4c-9.997-9.997-9.997-26.206 0-36.204l36.203-36.204c9.997-9.998 26.207-9.998 36.204 0L192 312.69 432.095 72.596c9.997-9.997 26.207-9.997 36.204 0l36.203 36.204c9.997 9.997 9.997 26.206 0 36.204l-294.4 294.401c-9.998 9.997-26.207 9.997-36.204-.001z\"><\/path><\/svg>\t\t\t\t\t\t<\/span>\n\t\t\t\t\t\t\t\t\t\t<span class=\"elementor-icon-list-text\">Auf beiden Seiten des Netzes gibt es einen \"Nicht-Volley\"-Bereich, auch the kitchengenannt. Diese ist 2,13 Meter tief und durch eine Linie parallel zum Netz gekennzeichnet. Wenn Sie in dieser Zone stehen, d\u00fcrfen Sie den Ball nicht direkt \u00fcber das Netz schlagen; der Ball muss zuerst den Boden ber\u00fchren.<\/span>\n\t\t\t\t\t\t\t\t\t<\/li>\n\t\t\t\t\t\t\t\t<li class=\"elementor-icon-list-item\">\n\t\t\t\t\t\t\t\t\t\t\t<span class=\"elementor-icon-list-icon\">\n\t\t\t\t\t\t\t<svg aria-hidden=\"true\" class=\"e-font-icon-svg e-fas-check\" viewbox=\"0 0 512 512\" xmlns=\"http:\/\/www.w3.org\/2000\/svg\"><path d=\"M173.898 439.404l-166.4-166.4c-9.997-9.997-9.997-26.206 0-36.204l36.203-36.204c9.997-9.998 26.207-9.998 36.204 0L192 312.69 432.095 72.596c9.997-9.997 26.207-9.997 36.204 0l36.203 36.204c9.997 9.997 9.997 26.206 0 36.204l-294.4 294.401c-9.998 9.997-26.207 9.997-36.204-.001z\"><\/path><\/svg>\t\t\t\t\t\t<\/span>\n\t\t\t\t\t\t\t\t\t\t<span class=\"elementor-icon-list-text\">Schlagen Sie den Ball von der Grundlinie aus mit der Unterhand auf und achten Sie darauf, dass er hinter der gegnerischen \"Nicht-Volley-Zone\" landet. Beim ersten Aufschlag jeder Mannschaft sollte der Ball einmal aufspringen, bevor er zur\u00fcckgespielt wird.<\/span>\n\t\t\t\t\t\t\t\t\t<\/li>\n\t\t\t\t\t\t\t\t<li class=\"elementor-icon-list-item\">\n\t\t\t\t\t\t\t\t\t\t\t<span class=\"elementor-icon-list-icon\">\n\t\t\t\t\t\t\t<svg aria-hidden=\"true\" class=\"e-font-icon-svg e-fas-check\" viewbox=\"0 0 512 512\" xmlns=\"http:\/\/www.w3.org\/2000\/svg\"><path d=\"M173.898 439.404l-166.4-166.4c-9.997-9.997-9.997-26.206 0-36.204l36.203-36.204c9.997-9.998 26.207-9.998 36.204 0L192 312.69 432.095 72.596c9.997-9.997 26.207-9.997 36.204 0l36.203 36.204c9.997 9.997 9.997 26.206 0 36.204l-294.4 294.401c-9.998 9.997-26.207 9.997-36.204-.001z\"><\/path><\/svg>\t\t\t\t\t\t<\/span>\n\t\t\t\t\t\t\t\t\t\t<span class=\"elementor-icon-list-text\">Der Punkt geht an die andere Mannschaft, wenn der Ball zweimal auf derselben Seite aufspringt. Die aufschlagende Mannschaft kann punkten, aber wenn die nicht aufschlagende Mannschaft den Punkt gewinnt, \u00e4ndert sich der Punktestand nicht.<\/span>\n\t\t\t\t\t\t\t\t\t<\/li>\n\t\t\t\t\t\t\t\t<li class=\"elementor-icon-list-item\">\n\t\t\t\t\t\t\t\t\t\t\t<span class=\"elementor-icon-list-icon\">\n\t\t\t\t\t\t\t<svg aria-hidden=\"true\" class=\"e-font-icon-svg e-fas-check\" viewbox=\"0 0 512 512\" xmlns=\"http:\/\/www.w3.org\/2000\/svg\"><path d=\"M173.898 439.404l-166.4-166.4c-9.997-9.997-9.997-26.206 0-36.204l36.203-36.204c9.997-9.998 26.207-9.998 36.204 0L192 312.69 432.095 72.596c9.997-9.997 26.207-9.997 36.204 0l36.203 36.204c9.997 9.997 9.997 26.206 0 36.204l-294.4 294.401c-9.998 9.997-26.207 9.997-36.204-.001z\"><\/path><\/svg>\t\t\t\t\t\t<\/span>\n\t\t\t\t\t\t\t\t\t\t<span class=\"elementor-icon-list-text\">Das Spiel endet bei 11 Punkten mit einer Differenz von zwei Punkten. Nur die aufschlagende Mannschaft kann punkten, und wenn sie einen Punkt gewinnt, schl\u00e4gt sie f\u00fcr den n\u00e4chsten Punkt weiter auf.<\/span>\n\t\t\t\t\t\t\t\t\t<\/li>\n\t\t\t\t\t\t<\/ul>\n\t\t\t\t\t\t<\/div>\n\t\t\t\t<\/div>\n\t\t\t\t<div class=\"elementor-element elementor-element-32a72d1 elementor-widget elementor-widget-heading\" data-id=\"32a72d1\" data-element_type=\"widget\" data-e-type=\"widget\" data-widget_type=\"heading.default\">\n\t\t\t\t<div class=\"elementor-widget-container\">\n\t\t\t\t\t<h3 class=\"elementor-heading-title elementor-size-default\">Wollen Sie ALLES wissen?<\/h3>\t\t\t\t<\/div>\n\t\t\t\t<\/div>\n\t\t\t\t<div class=\"elementor-element elementor-element-afd52f9 elementor-widget elementor-widget-text-editor\" data-id=\"afd52f9\" data-element_type=\"widget\" data-e-type=\"widget\" data-widget_type=\"text-editor.default\">\n\t\t\t\t<div class=\"elementor-widget-container\">\n\t\t\t\t\t\t\t\t\t<p class=\" translation-block\">Die PDF-Datei des Buches mit den aktuellen\u00a0<a href=\"https:\/\/usapickleball.org\/docs\/USA-Pickleball-Official-Rulebook-2024-v1.pdf\" target=\"_blank\">offiziellen Regeln<\/a>!<\/p>\t\t\t\t\t\t\t\t<\/div>\n\t\t\t\t<\/div>\n\t\t\t\t<\/div>\n\t\t<div class=\"elementor-element elementor-element-5fac11c e-con-full e-flex e-con e-child\" data-id=\"5fac11c\" data-element_type=\"container\" data-e-type=\"container\">\n\t\t<div class=\"elementor-element elementor-element-045040a e-con-full e-flex e-con e-child\" data-id=\"045040a\" data-element_type=\"container\" data-e-type=\"container\">\n\t\t\t\t<div class=\"elementor-element elementor-element-e496b18 elementor-widget elementor-widget-heading\" data-id=\"e496b18\" data-element_type=\"widget\" data-e-type=\"widget\" data-widget_type=\"heading.default\">\n\t\t\t\t<div class=\"elementor-widget-container\">\n\t\t\t\t\t<h3 class=\"elementor-heading-title elementor-size-default\">Tipps f\u00fcr Pickleball-Neulinge<\/h3>\t\t\t\t<\/div>\n\t\t\t\t<\/div>\n\t\t\t\t<div class=\"elementor-element elementor-element-f1ce2c1 elementor-view-default elementor-widget elementor-widget-icon\" data-id=\"f1ce2c1\" data-element_type=\"widget\" data-e-type=\"widget\" data-widget_type=\"icon.default\">\n\t\t\t\t<div class=\"elementor-widget-container\">\n\t\t\t\t\t\t\t<div class=\"elementor-icon-wrapper\">\n\t\t\t<div class=\"elementor-icon\">\n\t\t\t<svg aria-hidden=\"true\" class=\"e-font-icon-svg e-far-lightbulb\" viewbox=\"0 0 352 512\" xmlns=\"http:\/\/www.w3.org\/2000\/svg\"><path d=\"M176 80c-52.94 0-96 43.06-96 96 0 8.84 7.16 16 16 16s16-7.16 16-16c0-35.3 28.72-64 64-64 8.84 0 16-7.16 16-16s-7.16-16-16-16zM96.06 459.17c0 3.15.93 6.22 2.68 8.84l24.51 36.84c2.97 4.46 7.97 7.14 13.32 7.14h78.85c5.36 0 10.36-2.68 13.32-7.14l24.51-36.84c1.74-2.62 2.67-5.7 2.68-8.84l.05-43.18H96.02l.04 43.18zM176 0C73.72 0 0 82.97 0 176c0 44.37 16.45 84.85 43.56 115.78 16.64 18.99 42.74 58.8 52.42 92.16v.06h48v-.12c-.01-4.77-.72-9.51-2.15-14.07-5.59-17.81-22.82-64.77-62.17-109.67-20.54-23.43-31.52-53.15-31.61-84.14-.2-73.64 59.67-128 127.95-128 70.58 0 128 57.42 128 128 0 30.97-11.24 60.85-31.65 84.14-39.11 44.61-56.42 91.47-62.1 109.46a47.507 47.507 0 0 0-2.22 14.3v.1h48v-.05c9.68-33.37 35.78-73.18 52.42-92.16C335.55 260.85 352 220.37 352 176 352 78.8 273.2 0 176 0z\"><\/path><\/svg>\t\t\t<\/div>\n\t\t<\/div>\n\t\t\t\t\t\t<\/div>\n\t\t\t\t<\/div>\n\t\t\t\t<\/div>\n\t\t\t\t<div class=\"elementor-element elementor-element-14cb9be elementor-widget elementor-widget-heading\" data-id=\"14cb9be\" data-element_type=\"widget\" data-e-type=\"widget\" data-widget_type=\"heading.default\">\n\t\t\t\t<div class=\"elementor-widget-container\">\n\t\t\t\t\t<h5 class=\"elementor-heading-title elementor-size-default\">Vermeiden Sie gro\u00dfe Schwankungen<\/h5>\t\t\t\t<\/div>\n\t\t\t\t<\/div>\n\t\t\t\t<div class=\"elementor-element elementor-element-1c5534e elementor-widget elementor-widget-text-editor\" data-id=\"1c5534e\" data-element_type=\"widget\" data-e-type=\"widget\" data-widget_type=\"text-editor.default\">\n\t\t\t\t<div class=\"elementor-widget-container\">\n\t\t\t\t\t\t\t\t\t<p>Pickleball-Neulinge, vor allem solche mit Tenniserfahrung, neigen zu weiten R\u00fcckschw\u00fcngen, aber auf dem kleinen Platz und mit elastischen B\u00e4llen ist das kontraproduktiv. Machen Sie kurze Schl\u00e4ge und kontrollieren Sie die Ballrichtung. Mit zunehmendem K\u00f6nnen werden Sie schlie\u00dflich schneller schlagen, aber ein gro\u00dfer R\u00fcckschwung ist trotzdem nicht notwendig.<\/p>\t\t\t\t\t\t\t\t<\/div>\n\t\t\t\t<\/div>\n\t\t\t\t<div class=\"elementor-element elementor-element-4621631 elementor-widget elementor-widget-heading\" data-id=\"4621631\" data-element_type=\"widget\" data-e-type=\"widget\" data-widget_type=\"heading.default\">\n\t\t\t\t<div class=\"elementor-widget-container\">\n\t\t\t\t\t<h5 class=\"elementor-heading-title elementor-size-default\">Halte den Ball vor dir<\/h5>\t\t\t\t<\/div>\n\t\t\t\t<\/div>\n\t\t\t\t<div class=\"elementor-element elementor-element-7fdf5f3 elementor-widget elementor-widget-text-editor\" data-id=\"7fdf5f3\" data-element_type=\"widget\" data-e-type=\"widget\" data-widget_type=\"text-editor.default\">\n\t\t\t\t<div class=\"elementor-widget-container\">\n\t\t\t\t\t\t\t\t\t<p>Wenn Sie gerade erst anfangen zu spielen, bewegen Sie sich manchmal zu wenig und strecken sich zu weit nach dem Ball, was es schwieriger macht, innerhalb der Linien zu schlagen. Verbessern Sie Ihr Spiel, indem Sie seitliche Schritte und kurze Bewegungen machen, w\u00e4hrend Sie auf den Ball und die gew\u00fcnschte Spielposition fokussiert bleiben. Beginnen Sie mit gebeugten Knien, halten Sie den Schl\u00e4ger vor Ihrem K\u00f6rper und positionieren Sie Ihre F\u00fc\u00dfe in einer V-Form f\u00fcr mehr Kontrolle und Genauigkeit.<\/p>\t\t\t\t\t\t\t\t<\/div>\n\t\t\t\t<\/div>\n\t\t\t\t<\/div>\n\t\t<div class=\"elementor-element elementor-element-44dc1ba e-con-full e-flex e-con e-child\" data-id=\"44dc1ba\" data-element_type=\"container\" data-e-type=\"container\">\n\t\t\t\t<div class=\"elementor-element elementor-element-8efa755 elementor-widget elementor-widget-heading\" data-id=\"8efa755\" data-element_type=\"widget\" data-e-type=\"widget\" data-widget_type=\"heading.default\">\n\t\t\t\t<div class=\"elementor-widget-container\">\n\t\t\t\t\t<h2 class=\"elementor-heading-title elementor-size-default\">Klingt das ein bisschen kompliziert? Keine Sorge!<\/h2>\t\t\t\t<\/div>\n\t\t\t\t<\/div>\n\t\t\t\t<div class=\"elementor-element elementor-element-1196adc elementor-widget elementor-widget-text-editor\" data-id=\"1196adc\" data-element_type=\"widget\" data-e-type=\"widget\" data-widget_type=\"text-editor.default\">\n\t\t\t\t<div class=\"elementor-widget-container\">\n\t\t\t\t\t\t\t\t\t<p>Im Pickleball ist es ganz normal, dass erfahrene Spieler Neulinge unter ihre Fittiche nehmen.<br>\nNehmen Sie sich die Zeit und den Raum, um die Spielregeln und Techniken in Ihrem eigenen Tempo zu erlernen!<\/p>\t\t\t\t\t\t\t\t<\/div>\n\t\t\t\t<\/div>\n\t\t\t\t<\/div>\n\t\t\t\t\t<\/div>\n\t\t\t\t<\/div>\n\t\t\t\t<\/div>","protected":false},"excerpt":{"rendered":"<p>Pickleball is misschien wel de populairste sport in de Verenigde Staten. Volgens de&nbsp;Sports and Fitness Industry Association&nbsp;is het beoefenen van pickleball bij spelers in de VS in 2022 verdubbeld en in drie jaar gegroeid met bijna 159 procent.&nbsp;Overal in de wereld zit pickleball in de lift! Wat maakt pickleball zo populair? Toegankelijkheid Het kan door [&hellip;]<\/p>\n","protected":false},"author":1,"featured_media":0,"parent":0,"menu_order":0,"comment_status":"closed","ping_status":"closed","template":"elementor_header_footer","meta":{"_acf_changed":false,"footnotes":""},"class_list":["post-6580","page","type-page","status-publish","hentry"],"acf":[],"_links":{"self":[{"href":"https:\/\/pickleballfans.eu\/de\/wp-json\/wp\/v2\/pages\/6580","targetHints":{"allow":["GET"]}}],"collection":[{"href":"https:\/\/pickleballfans.eu\/de\/wp-json\/wp\/v2\/pages"}],"about":[{"href":"https:\/\/pickleballfans.eu\/de\/wp-json\/wp\/v2\/types\/page"}],"author":[{"embeddable":true,"href":"https:\/\/pickleballfans.eu\/de\/wp-json\/wp\/v2\/users\/1"}],"replies":[{"embeddable":true,"href":"https:\/\/pickleballfans.eu\/de\/wp-json\/wp\/v2\/comments?post=6580"}],"version-history":[{"count":39,"href":"https:\/\/pickleballfans.eu\/de\/wp-json\/wp\/v2\/pages\/6580\/revisions"}],"predecessor-version":[{"id":28742,"href":"https:\/\/pickleballfans.eu\/de\/wp-json\/wp\/v2\/pages\/6580\/revisions\/28742"}],"wp:attachment":[{"href":"https:\/\/pickleballfans.eu\/de\/wp-json\/wp\/v2\/media?parent=6580"}],"curies":[{"name":"wp","href":"https:\/\/api.w.org\/{rel}","templated":true}]}}