{"id":7529,"date":"2024-12-24T13:16:05","date_gmt":"2024-12-24T12:16:05","guid":{"rendered":"https:\/\/pickleballfans.eu\/new\/?page_id=7529"},"modified":"2025-01-08T11:16:07","modified_gmt":"2025-01-08T10:16:07","slug":"privacy-en-cookiebeleid","status":"publish","type":"page","link":"https:\/\/pickleballfans.eu\/de\/privacy-en-cookiebeleid\/","title":{"rendered":"Datenschutz- und Cookie-Richtlinie"},"content":{"rendered":"<div data-elementor-type=\"wp-page\" data-elementor-id=\"7529\" class=\"elementor elementor-7529\" data-elementor-post-type=\"page\">\n\t\t\t\t<div class=\"elementor-element elementor-element-7e8b007 e-flex e-con-boxed e-con e-parent\" data-id=\"7e8b007\" data-element_type=\"container\" data-e-type=\"container\">\n\t\t\t\t\t<div class=\"e-con-inner\">\n\t\t\t\t<div class=\"elementor-element elementor-element-e10a220 elementor-widget elementor-widget-heading\" data-id=\"e10a220\" data-element_type=\"widget\" data-e-type=\"widget\" data-no-translation=\"\" data-widget_type=\"heading.default\">\n\t\t\t\t<div class=\"elementor-widget-container\">\n\t\t\t\t\t<style>.elementor-element-e10a220{display:none !important}<\/style>\t\t\t\t<\/div>\n\t\t\t\t<\/div>\n\t\t\t\t<div class=\"elementor-element elementor-element-06ae867 elementor-widget elementor-widget-html\" data-id=\"06ae867\" data-element_type=\"widget\" data-e-type=\"widget\" data-widget_type=\"html.default\">\n\t\t\t\t<div class=\"elementor-widget-container\">\n\t\t\t\t\t<style>.elementor-element-06ae867{display:none !important}<\/style>\t\t\t\t<\/div>\n\t\t\t\t<\/div>\n\t\t\t\t<div class=\"elementor-element elementor-element-c4741b4 elementor-widget elementor-widget-html\" data-id=\"c4741b4\" data-element_type=\"widget\" data-e-type=\"widget\" data-no-translation=\"\" data-widget_type=\"html.default\">\n\t\t\t\t<div class=\"elementor-widget-container\">\n\t\t\t\t\t<style>.elementor-element-c4741b4{display:none !important}<\/style>\t\t\t\t<\/div>\n\t\t\t\t<\/div>\n\t\t\t\t<div class=\"elementor-element elementor-element-e3f7433 elementor-widget elementor-widget-html\" data-id=\"e3f7433\" data-element_type=\"widget\" data-e-type=\"widget\" data-no-translation=\"\" data-widget_type=\"html.default\">\n\t\t\t\t<div class=\"elementor-widget-container\">\n\t\t\t\t\t<style>.elementor-element-e3f7433{display:none !important}<\/style>\t\t\t\t<\/div>\n\t\t\t\t<\/div>\n\t\t\t\t<div class=\"elementor-element elementor-element-1c2cb54 elementor-widget elementor-widget-html\" data-id=\"1c2cb54\" data-element_type=\"widget\" data-e-type=\"widget\" data-no-translation=\"\" data-widget_type=\"html.default\">\n\t\t\t\t<div class=\"elementor-widget-container\">\n\t\t\t\t\t<h6>Zuletzt aktualisiert am 24-Dez-2024<\/span>\n<br><span>G\u00fcltigkeitsdatum 24-Dez-2024<\/span>\n<\/h6>\n\n<p class=\"privacy-policy-p\">\n    Diese Datenschutzrichtlinie beschreibt die Richtlinien von\n\n    Pickleballfans vzw,\n    Rozenlaan 10,\n    Limburg\n    3730,\n    Belgien,\n    E-Mail: info@pickleballfans.eu,\n    Telefon: 0476 88 05 30\n\n    zur Erhebung,\n    Nutzung und Offenlegung Ihrer Informationen, die wir\n    erfassen, wenn Sie unsere Website ( https:\/\/pickleballfans.eu\/new_3 )\n    nutzen. (der \u201eDienst\u201c). Durch den Zugriff auf oder die Nutzung\n    des Dienstes stimmen Sie der Erhebung, Nutzung und\n    Offenlegung Ihrer Informationen gem\u00e4\u00df dieser\n    Datenschutzrichtlinie zu. Wenn Sie dem nicht zustimmen,\n    greifen Sie bitte nicht auf den Dienst zu oder nutzen Sie ihn nicht.\n<\/p>\n\n<p class=\"privacy-policy-p\">\n    Wir k\u00f6nnen diese Datenschutzrichtlinie jederzeit ohne\n    vorherige Ank\u00fcndigung \u00e4ndern und werden die \u00fcberarbeitete\n    Datenschutzrichtlinie im Dienst ver\u00f6ffentlichen. Die \u00fcberarbeitete Richtlinie tritt\n    180 Tage nach der Ver\u00f6ffentlichung im Dienst in Kraft, und Ihr\n    fortgesetzter Zugriff oder Ihre Nutzung des Dienstes nach Ablauf dieser Zeit\n    gilt als Zustimmung zur \u00fcberarbeiteten Datenschutzrichtlinie. Wir empfehlen daher, diese Seite regelm\u00e4\u00dfig zu \u00fcberpr\u00fcfen.\n<\/p>\n\n<ol class=\"privacy-policy-ol\">\n        <li>\n        <h5 class=\"privacy-policy-h2\">\n            Informationen, die wir sammeln:\n        <\/h5>\n\n        \n        <p class=\"privacy-policy-p\">\n            Wir erfassen und verarbeiten die folgenden\n            personenbezogenen Daten \u00fcber Sie:\n        <\/p>\n        <ol class=\"privacy-policy-ol\">\n\n                        <li>Name<\/li>\n            \n                        <li>E-Mail<\/li>\n            \n                        <li>Telefonnummer<\/li>\n            \n                        <li>Social-Media-Profil<\/li>\n            \n        <\/ol>\n    <\/li>\n\n    \n        <li>\n        <h5 class=\"privacy-policy-h2\">\n            Wie wir Ihre Informationen erfassen:\n        <\/h5>\n        <p class=\"privacy-policy-p\">\n            Wir erfassen\/erhalten Informationen \u00fcber Sie auf folgende Weise:\n        <\/p>\n        <ol class=\"privacy-policy-ol\">\n\n                        <li>Wenn ein Benutzer das Registrierungsformular ausf\u00fcllt oder anderweitig pers\u00f6nliche Informationen \u00fcbermittelt<\/li>\n            <li>Interaktionen mit der Website<\/li>\n            \n                        <li>Aus \u00f6ffentlichen Quellen<\/li>\n            \n        <\/ol>\n    <\/li>\n\n    \n\n        <li>\n        <h5 class=\"privacy-policy-h2\">\n            Wie wir Ihre Informationen verwenden:\n        <\/h5>\n        <p class=\"privacy-policy-p\">\n            Wir verwenden die Informationen, die wir \u00fcber Sie sammeln,\n            f\u00fcr folgende Zwecke:\n        <\/p>\n        <ol class=\"privacy-policy-ol\">\n\n                        <li>Erstellung eines Benutzerkontos<\/li>\n                        <li>Kundenzufriedenheitsumfragen<\/li>\n                        <li>Support<\/li>\n                        <li>Verwaltungsinformationen<\/li>\n                        <li>Website-Sicherheit<\/li>\n                        <li>Benutzerkommentare<\/li>\n                        <li>Verwaltung von Benutzerkonten<\/li>\n        <\/ol>\n        <p class=\"privacy-policy-p\">\n            Wenn wir Ihre Informationen f\u00fcr andere Zwecke verwenden m\u00f6chten,\n            holen wir Ihre Zustimmung ein und verwenden Ihre Informationen nur,\n            nachdem wir Ihre Zustimmung erhalten haben, und nur f\u00fcr die Zwecke,\n            f\u00fcr die Sie die Zustimmung erteilt haben, es sei denn, wir sind gesetzlich verpflichtet, anders zu handeln.\n        <\/p>\n    <\/li>\n    <li>\n        <h5 class=\"privacy-policy-h2\">\n            Wie wir Ihre Informationen weitergeben:\n        <\/h5>\n        <p class=\"privacy-policy-p\">\n            Wir werden Ihre pers\u00f6nlichen Daten ohne Ihre Zustimmung\n            nicht an Dritte weitergeben, au\u00dfer in den unten beschriebenen\n            begrenzten F\u00e4llen:\n        <\/p>\n        <ol class=\"privacy-policy-ol\">\n            <li>Analysezwecke<\/li>\n        <\/ol>\n        <p class=\"privacy-policy-p\">\n            Wir verlangen von solchen Dritten, dass sie die\n            personenbezogenen Daten, die wir an sie weitergeben, nur\n            f\u00fcr den Zweck verwenden, f\u00fcr den sie \u00fcbermittelt wurden,\n            und sie nicht l\u00e4nger aufbewahren, als f\u00fcr die Erf\u00fcllung\n            dieses Zwecks erforderlich ist.\n        <\/p>\n        <p class=\"privacy-policy-p\">\n            Wir k\u00f6nnen Ihre pers\u00f6nlichen Daten auch in folgenden F\u00e4llen offenlegen:\n            (1) zur Einhaltung geltender Gesetze, Vorschriften, Gerichtsbeschl\u00fcsse\n            oder anderer rechtlicher Verfahren; (2) zur Durchsetzung Ihrer\n            Vereinbarungen mit uns, einschlie\u00dflich dieser Datenschutzrichtlinie;\n            oder (3) zur Beantwortung von Anspr\u00fcchen, dass Ihre Nutzung des Dienstes\n            die Rechte Dritter verletzt. Falls der Dienst oder unser Unternehmen\n            mit einem anderen Unternehmen fusioniert oder von diesem \u00fcbernommen wird,\n            werden Ihre Informationen zu den Verm\u00f6genswerten geh\u00f6ren, die an den\n            neuen Eigent\u00fcmer \u00fcbertragen werden.\n        <\/p>\n    <\/li>\n\n    <li>\n        <h5 class=\"privacy-policy-h2\">\n            Aufbewahrung Ihrer Informationen:\n        <\/h5>\n        <p class=\"privacy-policy-p\">\n            Wir bewahren Ihre pers\u00f6nlichen Daten f\u00fcr einen Zeitraum von\n            90 Tagen bis zu 2 Jahren nach der K\u00fcndigung Ihres Kontos auf\n            oder so lange, wie wir sie ben\u00f6tigen, um die in dieser\n            Datenschutzrichtlinie beschriebenen Zwecke zu erf\u00fcllen. Wir\n            k\u00f6nnen bestimmte Informationen f\u00fcr l\u00e4ngere Zeitr\u00e4ume aufbewahren,\n            z. B. f\u00fcr Aufzeichnungszwecke oder zur Einhaltung gesetzlicher\n            Anforderungen. Anonyme und aggregierte Informationen, die Sie\n            weder direkt noch indirekt identifizieren, k\u00f6nnen unbegrenzt\n            gespeichert werden.\n        <\/p>\n    <\/li>\n\n    <li>\n        <h5 class=\"privacy-policy-h2\">\n            Ihre Rechte:\n        <\/h5>\n        <p class=\"privacy-policy-p\">\n            Abh\u00e4ngig von den geltenden Gesetzen haben Sie m\u00f6glicherweise das Recht,\n            auf Ihre pers\u00f6nlichen Daten zuzugreifen, diese zu korrigieren oder zu l\u00f6schen,\n            eine Kopie Ihrer Daten zu erhalten, die Verarbeitung Ihrer Daten einzuschr\u00e4nken\n            oder zu widersprechen, uns aufzufordern, Ihre pers\u00f6nlichen Daten an eine andere\n            Stelle zu \u00fcbertragen, Ihre Einwilligung zur Verarbeitung Ihrer Daten zu widerrufen\n            und eine Beschwerde bei einer zust\u00e4ndigen Beh\u00f6rde einzureichen. Um diese Rechte\n            auszu\u00fcben, k\u00f6nnen Sie uns unter info@pickleballfans.eu kontaktieren. Wir werden\n            Ihre Anfrage gem\u00e4\u00df den geltenden Gesetzen beantworten.\n        <\/p>\n        <p class=\"privacy-policy-p\">\n            Sie k\u00f6nnen sich von Direktmarketing-Mitteilungen oder der Profilierung\n            f\u00fcr Marketingzwecke abmelden, indem Sie uns unter info@pickleballfans.eu\n            schreiben.\n        <\/p>\n        <p class=\"privacy-policy-p\">\n            Bitte beachten Sie, dass Sie m\u00f6glicherweise nicht auf bestimmte Dienste\n            zugreifen oder diese nutzen k\u00f6nnen, wenn Sie uns nicht die erforderlichen\n            pers\u00f6nlichen Daten zur Verf\u00fcgung stellen oder Ihre Zustimmung zur Verarbeitung\n            widerrufen.\n        <\/p>\n    <\/li>\n\n    <li>\n        <h5 class=\"privacy-policy-h2\">\n            Cookies usw.:\n        <\/h5>\n        <p class=\"privacy-policy-p\">\n            Weitere Informationen dar\u00fcber, wie wir Cookies und andere\n            Tracking-Technologien verwenden, sowie Ihre Auswahlm\u00f6glichkeiten\n            in Bezug auf diese Technologien finden Sie in unserer\n            <a href=\"#cookies\">Cookie-Richtlinie.<\/a>\n        <\/p>\n    <\/li>\n\n    <li>\n        <h5 class=\"privacy-policy-h2\">\n            Sicherheit:\n        <\/h5>\n        <p class=\"privacy-policy-p\">\n            Die Sicherheit Ihrer Informationen ist uns wichtig, und wir\n            werden angemessene Sicherheitsma\u00dfnahmen ergreifen, um den Verlust,\n            Missbrauch oder die unbefugte \u00c4nderung Ihrer Informationen unter\n            unserer Kontrolle zu verhindern. Aufgrund der inh\u00e4renten Risiken\n            k\u00f6nnen wir jedoch keine absolute Sicherheit garantieren und k\u00f6nnen\n            daher die Sicherheit der Informationen, die Sie uns \u00fcbermitteln,\n            nicht gew\u00e4hrleisten. Sie tun dies auf eigenes Risiko.\n        <\/p>\n    <\/li>\n\n    <li>\n        <h5 class=\"privacy-policy-h2\">\n            Links zu Drittanbietern und Nutzung Ihrer Informationen:\n        <\/h5>\n        <p class=\"privacy-policy-p\">\n            Unser Dienst kann Links zu anderen Websites enthalten, die nicht\n            von uns betrieben werden. Diese Datenschutzrichtlinie gilt nicht\n            f\u00fcr die Datenschutzrichtlinien und Praktiken Dritter, einschlie\u00dflich\n            solcher, die Websites oder Dienste betreiben, die \u00fcber Links im\n            Dienst zug\u00e4nglich sind. Wir empfehlen Ihnen dringend, die\n            Datenschutzrichtlinie jeder Website, die Sie besuchen, zu lesen.\n            Wir haben keine Kontrolle \u00fcber und \u00fcbernehmen keine Verantwortung\n            f\u00fcr den Inhalt, die Datenschutzrichtlinien oder die Praktiken\n            von Drittanbieter-Websites oder -Diensten.\n        <\/p>\n    <\/li>\n\n    <li>\n        <h5 class=\"privacy-policy-h2\">\n            Beschwerde-\/Datenschutzbeauftragter:\n        <\/h5>\n        <p class=\"privacy-policy-p\">\n            Wenn Sie Fragen oder Bedenken hinsichtlich der Verarbeitung Ihrer\n            Informationen haben, k\u00f6nnen Sie unseren Datenschutzbeauftragten\n            per E-Mail unter info@pickleballfans.eu kontaktieren.\n            Wir werden Ihre Anliegen gem\u00e4\u00df den geltenden Gesetzen bearbeiten.\n        <\/p>\n    <\/li>\n<\/ol>\n\n<p class=\"privacy-policy-p\">\n    Datenschutzrichtlinie erstellt mit <a target=\"_blank\" href=\"https:\/\/www.cookieyes.com\/?utm_source=PP&utm_medium=footer&utm_campaign=UW\">CookieYes<\/a>.\n<\/p>\n\t\t\t\t<\/div>\n\t\t\t\t<\/div>\n\t\t\t\t<div class=\"elementor-element elementor-element-261911b elementor-widget elementor-widget-heading\" data-id=\"261911b\" data-element_type=\"widget\" data-e-type=\"widget\" id=\"cookies\" data-widget_type=\"heading.default\">\n\t\t\t\t<div class=\"elementor-widget-container\">\n\t\t\t\t\t<h1 class=\"elementor-heading-title elementor-size-default\">Cookie-Richtlinie<\/h1>\t\t\t\t<\/div>\n\t\t\t\t<\/div>\n\t\t\t\t<div class=\"elementor-element elementor-element-1ebd93c elementor-widget elementor-widget-html\" data-id=\"1ebd93c\" data-element_type=\"widget\" data-e-type=\"widget\" data-widget_type=\"html.default\">\n\t\t\t\t<div class=\"elementor-widget-container\">\n\t\t\t\t\t<style>.elementor-element-1ebd93c{display:none !important}<\/style>\t\t\t\t<\/div>\n\t\t\t\t<\/div>\n\t\t\t\t<div class=\"elementor-element elementor-element-efc2381 elementor-widget elementor-widget-html\" data-id=\"efc2381\" data-element_type=\"widget\" data-e-type=\"widget\" data-widget_type=\"html.default\">\n\t\t\t\t<div class=\"elementor-widget-container\">\n\t\t\t\t\t<style>.elementor-element-efc2381{display:none !important}<\/style>\t\t\t\t<\/div>\n\t\t\t\t<\/div>\n\t\t\t\t<div class=\"elementor-element elementor-element-505e3fa elementor-widget elementor-widget-html\" data-id=\"505e3fa\" data-element_type=\"widget\" data-e-type=\"widget\" data-widget_type=\"html.default\">\n\t\t\t\t<div class=\"elementor-widget-container\">\n\t\t\t\t\t<style>.elementor-element-505e3fa{display:none !important}<\/style>\t\t\t\t<\/div>\n\t\t\t\t<\/div>\n\t\t\t\t<div class=\"elementor-element elementor-element-38a106d elementor-widget elementor-widget-html\" data-id=\"38a106d\" data-element_type=\"widget\" data-e-type=\"widget\" data-widget_type=\"html.default\">\n\t\t\t\t<div class=\"elementor-widget-container\">\n\t\t\t\t\t<p>\n    G\u00fcltigkeitsdatum: 24-Dez-2024 <br>\n    Letzte Aktualisierung: 24-Dez-2024\n<\/p>\n<h5>Was sind Cookies?<\/h5>\n<div class=\"cookie-policy-p\"><p>Diese Cookie-Richtlinie erkl\u00e4rt, was Cookies sind und wie wir sie verwenden, die Arten von Cookies, die wir verwenden, d. i. die Informationen, die wir mithilfe von Cookies sammeln und wie diese Informationen verwendet werden, sowie wie Sie die Cookie-Einstellungen verwalten k\u00f6nnen.<\/p> <p>Cookies sind kleine Textdateien, die verwendet werden, um kleine Informationsmengen zu speichern. Sie werden auf Ihrem Ger\u00e4t gespeichert, wenn die Website in Ihrem Browser geladen wird. Diese Cookies helfen uns, die Website ordnungsgem\u00e4\u00df funktionieren zu lassen, sie sicherer zu machen, eine bessere Benutzererfahrung zu bieten, zu verstehen, wie die Website funktioniert, und zu analysieren, was funktioniert und wo Verbesserungen erforderlich sind.<\/p><\/div>\n\n&nbsp;\n<h5>Wie verwenden wir Cookies?<\/h5>\n<div class=\"cookie-policy-p\"><p>Wie die meisten Online-Dienste verwendet unsere Website Erstanbieter- und Drittanbieter-Cookies f\u00fcr verschiedene Zwecke. Erstanbieter-Cookies sind haupts\u00e4chlich erforderlich, damit die Website ordnungsgem\u00e4\u00df funktioniert und erfassen keine Ihrer pers\u00f6nlich identifizierbaren Daten.<\/p> <p>Die Drittanbieter-Cookies, die auf unserer Website verwendet werden, dienen haupts\u00e4chlich dazu, zu verstehen, wie die Website funktioniert, wie Sie mit unserer Website interagieren, unsere Dienste sicher zu halten, Ihnen relevante Werbung bereitzustellen und insgesamt eine bessere und verbesserte Benutzererfahrung zu bieten und Ihre zuk\u00fcnftigen Interaktionen mit unsererer Website zu beschleunigen.<\/p><\/div>\n\n&nbsp;\n<h5>Arten von Cookies, die wir verwenden<\/h5>\n\n<div class=\"cky-audit-table-element\">\n    <h6>Notwendig<\/h6>\n    <div class=\"cky-category-des\">\n        <p>Notwendige Cookies sind erforderlich, um die grundlegenden Funktionen dieser Website zu erm\u00f6glichen, wie z. B. die Bereitstellung eines sicheren Logins oder die Anpassung Ihrer Zustimmungseinstellungen. Diese Cookies speichern keine personenbezogenen Daten.<\/p>\n    <\/div>\n    <div class=\"cky-table-wrapper\">\n        <table class=\"cky-cookie-audit-table\">\n            <thead>\n                <tr>\n                    <th>Keks<\/th>\n                    <th>Dauer<\/th>\n                    <th>Beschreibung<\/th>\n                <\/tr>\n            <\/thead>\n            <tbody>\n                <tr>\n                    <td>cookieyes-Zustimmung<\/td>\n                    <td>1 Jahr<\/td>\n                    <td>CookieYes setzt dieses Cookie, um die Zustimmungseinstellungen der Benutzer zu speichern, damit diese bei sp\u00e4teren Besuchen auf dieser Website respektiert werden. Es sammelt oder speichert keine pers\u00f6nlichen Informationen \u00fcber die Besucher der Website.<\/td>\n                <\/tr>\n            <\/tbody>\n        <\/table>\n    <\/div>\n<\/div>\n\n&nbsp;\n<h5 style=\"margin-bottom:20px;\">Cookie-Einstellungen l\u00f6schen<\/h5>\n\n<a class=\"cky-banner-element\">Cookie-Einstellungen<\/a> <br\/>\n\n<div><p>Sie k\u00f6nnen Ihre Cookie-Einstellungen jederzeit \u00e4ndern, indem Sie auf die oben stehende Schaltfl\u00e4che klicken. Dadurch k\u00f6nnen Sie das Cookie-Zustimmungsbanner erneut aufrufen und Ihre Einstellungen \u00e4ndern oder Ihre Zustimmung sofort widerrufen.<\/p> <p>Dar\u00fcber hinaus bieten verschiedene Browser unterschiedliche Methoden, um Cookies, die von Websites verwendet werden, zu blockieren und zu l\u00f6schen. Sie k\u00f6nnen die Einstellungen Ihres Browsers \u00e4ndern, um die Cookies zu blockieren\/l\u00f6schen. Nachfolgend finden Sie die Links zu den Support-Dokumenten zur Verwaltung und L\u00f6schung von Cookies in den wichtigsten Webbrowsern.<\/p> <p>Chrom: <a target=\"_blank\" href=\"https:\/\/support.google.com\/accounts\/answer\/32050\">https:\/\/support.google.com\/accounts\/answer\/32050<\/a><\/p><p>Safari: <a target=\"_blank\" href=\"https:\/\/support.apple.com\/en-in\/guide\/safari\/sfri11471\/mac\">https:\/\/support.apple.com\/en-in\/guide\/safari\/sfri11471\/mac<\/a><\/p><p>Firefox: <a target=\"_blank\" href=\"https:\/\/support.mozilla.org\/en-US\/kb\/clear-cookies-and-site-data-firefox?redirectslug=delete-cookies-remove-info-websites-stored&amp;redirectlocale=en-US\">https:\/\/support.mozilla.org\/en-US\/kb\/clear-cookies-and-site-data-firefox?redirectslug=delete-cookies-remove-info-websites-stored&amp;redirectlocale=en-US<\/a><\/p><p>Internet Explorer: <a target=\"_blank\" href=\"https:\/\/support.microsoft.com\/en-us\/topic\/how-to-delete-cookie-files-in-internet-explorer-bca9446f-d873-78de-77ba-d42645fa52fc\">https:\/\/support.microsoft.com\/en-us\/topic\/how-to-delete-cookie-files-in-internet-explorer-bca9446f-d873-78de-77ba-d42645fa52fc<\/a><\/p><p>Wenn Sie einen anderen Webbrowser verwenden, lesen Sie bitte die offiziellen Support-Dokumente Ihres Browsers.<\/p><\/div>\n\n&nbsp;\n<p class=\"cookie-policy-p\">\n    Cookie-Richtlinie erstellt von <a target=\"_blank\" href=\"https:\/\/www.cookieyes.com\/?utm_source=CP&utm_medium=footer&utm_campaign=UW\">CookieYes - Cookie-Richtlinien-Generator<\/a>.\n<\/p>\t\t\t\t<\/div>\n\t\t\t\t<\/div>\n\t\t\t\t\t<\/div>\n\t\t\t\t<\/div>\n\t\t\t\t<\/div>","protected":false},"excerpt":{"rendered":"<p>Laatst bijgewerkt op 24-dec-2024 Ingangsdatum 24-dec-2024 Dit Privacybeleid beschrijft het beleid van Pickleballfans vzw, Rozenlaan 10, Limburg 3730, Belgi\u00eb, e-mail: info@pickleballfans.eu, telefoon: 0476 88 05 30 met betrekking tot de verzameling, het gebruik en de openbaarmaking van uw informatie die wij verzamelen wanneer u onze website gebruikt ( https:\/\/pickleballfans.eu ). (de &#8220;Dienst&#8221;). Door toegang te [&hellip;]<\/p>\n","protected":false},"author":1,"featured_media":0,"parent":0,"menu_order":0,"comment_status":"closed","ping_status":"closed","template":"elementor_header_footer","meta":{"_acf_changed":false,"footnotes":""},"class_list":["post-7529","page","type-page","status-publish","hentry"],"acf":[],"_links":{"self":[{"href":"https:\/\/pickleballfans.eu\/de\/wp-json\/wp\/v2\/pages\/7529","targetHints":{"allow":["GET"]}}],"collection":[{"href":"https:\/\/pickleballfans.eu\/de\/wp-json\/wp\/v2\/pages"}],"about":[{"href":"https:\/\/pickleballfans.eu\/de\/wp-json\/wp\/v2\/types\/page"}],"author":[{"embeddable":true,"href":"https:\/\/pickleballfans.eu\/de\/wp-json\/wp\/v2\/users\/1"}],"replies":[{"embeddable":true,"href":"https:\/\/pickleballfans.eu\/de\/wp-json\/wp\/v2\/comments?post=7529"}],"version-history":[{"count":22,"href":"https:\/\/pickleballfans.eu\/de\/wp-json\/wp\/v2\/pages\/7529\/revisions"}],"predecessor-version":[{"id":8295,"href":"https:\/\/pickleballfans.eu\/de\/wp-json\/wp\/v2\/pages\/7529\/revisions\/8295"}],"wp:attachment":[{"href":"https:\/\/pickleballfans.eu\/de\/wp-json\/wp\/v2\/media?parent=7529"}],"curies":[{"name":"wp","href":"https:\/\/api.w.org\/{rel}","templated":true}]}}