{"id":6580,"date":"2024-12-12T01:18:09","date_gmt":"2024-12-12T00:18:09","guid":{"rendered":"https:\/\/pickleballfans.eu\/new\/?page_id=6580"},"modified":"2025-02-27T16:37:26","modified_gmt":"2025-02-27T15:37:26","slug":"pickleball","status":"publish","type":"page","link":"https:\/\/pickleballfans.eu\/fr\/pickleball\/","title":{"rendered":"Pickleball"},"content":{"rendered":"<div data-elementor-type=\"wp-page\" data-elementor-id=\"6580\" class=\"elementor elementor-6580\" data-elementor-post-type=\"page\">\n\t\t\t\t<div class=\"elementor-element elementor-element-2703c0f e-flex e-con-boxed e-con e-parent\" data-id=\"2703c0f\" data-element_type=\"container\" data-e-type=\"container\">\n\t\t\t\t\t<div class=\"e-con-inner\">\n\t\t\t\t<div class=\"elementor-element elementor-element-978092a elementor-widget elementor-widget-heading\" data-id=\"978092a\" data-element_type=\"widget\" data-e-type=\"widget\" data-widget_type=\"heading.default\">\n\t\t\t\t<div class=\"elementor-widget-container\">\n\t\t\t\t\t<h2 class=\"elementor-heading-title elementor-size-default translation-block\">Le pickleball est sans doute le sport le plus populaire aux \u00c9tats-Unis. D'apr\u00e8s le\u00a0<a style=\"color:#2C627A\" href=\"https:\/\/sfia.org\/resources\/sfias-topline-report-shows-physical-activity-rates-increased-for-a-fifth-consecutive-year\/\" target=\"_blank\">Sports and Fitness Industry Association<\/a>\u00a0est que la pratique du pickleball parmi les joueurs aux \u00c9tats-Unis a doubl\u00e9 d'ici 2022 et a augment\u00e9 de pr\u00e8s de 159 % en trois ans. Partout dans le monde, le pickleball est en plein essor !<\/h2>\t\t\t\t<\/div>\n\t\t\t\t<\/div>\n\t\t\t\t<div class=\"elementor-element elementor-element-840eec3 elementor-widget elementor-widget-heading\" data-id=\"840eec3\" data-element_type=\"widget\" data-e-type=\"widget\" data-widget_type=\"heading.default\">\n\t\t\t\t<div class=\"elementor-widget-container\">\n\t\t\t\t\t<h1 class=\"elementor-heading-title elementor-size-default\">Qu'est-ce qui rend le pickleball si populaire ?<\/h1>\t\t\t\t<\/div>\n\t\t\t\t<\/div>\n\t\t<div class=\"elementor-element elementor-element-fc38a4e e-grid e-con-boxed e-con e-child\" data-id=\"fc38a4e\" data-element_type=\"container\" data-e-type=\"container\" data-settings=\"{&quot;background_background&quot;:&quot;classic&quot;}\">\n\t\t\t\t\t<div class=\"e-con-inner\">\n\t\t<div class=\"elementor-element elementor-element-5e21b2b e-con-full e-flex e-con e-child\" data-id=\"5e21b2b\" data-element_type=\"container\" data-e-type=\"container\" data-settings=\"{&quot;background_background&quot;:&quot;classic&quot;}\">\n\t\t\t\t<div class=\"elementor-element elementor-element-6fb70f7 title elementor-widget elementor-widget-heading\" data-id=\"6fb70f7\" data-element_type=\"widget\" data-e-type=\"widget\" data-widget_type=\"heading.default\">\n\t\t\t\t<div class=\"elementor-widget-container\">\n\t\t\t\t\t<h2 class=\"elementor-heading-title elementor-size-default\">Accessible<\/h2>\t\t\t\t<\/div>\n\t\t\t\t<\/div>\n\t\t\t\t<div class=\"elementor-element elementor-element-d377bed elementor-widget elementor-widget-text-editor\" data-id=\"d377bed\" data-element_type=\"widget\" data-e-type=\"widget\" data-widget_type=\"text-editor.default\">\n\t\t\t\t<div class=\"elementor-widget-container\">\n\t\t\t\t\t\t\t\t\t<p>Il peut \u00eatre jou\u00e9 par des personnes de tous \u00e2ges. Le jeu est tr\u00e8s facile \u00e0 apprendre.<\/p><p>Les joueurs novices peuvent <strong>jouer des matchs apr\u00e8s quelques s\u00e9ances d'entra\u00eenement.<\/strong> Amusement garanti !<\/p>\t\t\t\t\t\t\t\t<\/div>\n\t\t\t\t<\/div>\n\t\t\t\t<\/div>\n\t\t<div class=\"elementor-element elementor-element-d01817c e-con-full e-flex e-con e-child\" data-id=\"d01817c\" data-element_type=\"container\" data-e-type=\"container\" data-settings=\"{&quot;background_background&quot;:&quot;classic&quot;}\">\n\t\t\t\t<div class=\"elementor-element elementor-element-237c62f title elementor-widget elementor-widget-heading\" data-id=\"237c62f\" data-element_type=\"widget\" data-e-type=\"widget\" data-widget_type=\"heading.default\">\n\t\t\t\t<div class=\"elementor-widget-container\">\n\t\t\t\t\t<h2 class=\"elementor-heading-title elementor-size-default\">Contacts sociaux<\/h2>\t\t\t\t<\/div>\n\t\t\t\t<\/div>\n\t\t\t\t<div class=\"elementor-element elementor-element-bb3ab89 elementor-widget elementor-widget-text-editor\" data-id=\"bb3ab89\" data-element_type=\"widget\" data-e-type=\"widget\" data-widget_type=\"text-editor.default\">\n\t\t\t\t<div class=\"elementor-widget-container\">\n\t\t\t\t\t\t\t\t\t<p>Le pickleball n'est pas seulement un sport, mais aussi une activit\u00e9 sociale. Le pickleball se joue aussi bien en comp\u00e9tition qu'en loisir.<br \/>C'est l'occasion id\u00e9ale de nouer de nouveaux contacts. Dans de nombreux clubs de pickleball, les gens se rencontrent plusieurs fois par semaine. De plus en plus de tournois sont organis\u00e9s. La convivialit\u00e9 \u00e0 son meilleur !<\/p>\t\t\t\t\t\t\t\t<\/div>\n\t\t\t\t<\/div>\n\t\t\t\t<\/div>\n\t\t<div class=\"elementor-element elementor-element-36d7548 e-con-full e-flex e-con e-child\" data-id=\"36d7548\" data-element_type=\"container\" data-e-type=\"container\" data-settings=\"{&quot;background_background&quot;:&quot;classic&quot;}\">\n\t\t\t\t<div class=\"elementor-element elementor-element-c8eccc6 title elementor-widget elementor-widget-heading\" data-id=\"c8eccc6\" data-element_type=\"widget\" data-e-type=\"widget\" data-widget_type=\"heading.default\">\n\t\t\t\t<div class=\"elementor-widget-container\">\n\t\t\t\t\t<h2 class=\"elementor-heading-title elementor-size-default\">Polyvalence<\/h2>\t\t\t\t<\/div>\n\t\t\t\t<\/div>\n\t\t\t\t<div class=\"elementor-element elementor-element-cdb43e6 elementor-widget elementor-widget-text-editor\" data-id=\"cdb43e6\" data-element_type=\"widget\" data-e-type=\"widget\" data-widget_type=\"text-editor.default\">\n\t\t\t\t<div class=\"elementor-widget-container\">\n\t\t\t\t\t\t\t\t\tLe pickleball est un sport polyvalent que l'on peut pratiquer \u00e0 l'int\u00e9rieur comme \u00e0 l'ext\u00e9rieur, sur diff\u00e9rentes surfaces, telles que le b\u00e9ton, l'asphalte ou des courts sp\u00e9cialement construits. Le pickleball se joue aussi bien en double qu'en simple. Cela offre une certaine flexibilit\u00e9 aux joueurs ayant des pr\u00e9f\u00e9rences et des capacit\u00e9s diff\u00e9rentes.\t\t\t\t\t\t\t\t<\/div>\n\t\t\t\t<\/div>\n\t\t\t\t<\/div>\n\t\t\t\t\t<\/div>\n\t\t\t\t<\/div>\n\t\t\t\t\t<\/div>\n\t\t\t\t<\/div>\n\t\t<div class=\"elementor-element elementor-element-46e8f8b e-grid e-con-boxed e-con e-parent\" data-id=\"46e8f8b\" data-element_type=\"container\" data-e-type=\"container\" data-settings=\"{&quot;background_background&quot;:&quot;classic&quot;}\">\n\t\t\t\t\t<div class=\"e-con-inner\">\n\t\t<div class=\"elementor-element elementor-element-fc4e126 e-con-full e-flex e-con e-child\" data-id=\"fc4e126\" data-element_type=\"container\" data-e-type=\"container\">\n\t\t\t\t<div class=\"elementor-element elementor-element-82e7715 elementor-widget elementor-widget-video\" data-id=\"82e7715\" data-element_type=\"widget\" data-e-type=\"widget\" data-settings=\"{&quot;youtube_url&quot;:&quot;https:\\\/\\\/www.youtube.com\\\/watch?v=j_QjxBz2qDM&quot;,&quot;start&quot;:3,&quot;lazy_load&quot;:&quot;yes&quot;,&quot;video_type&quot;:&quot;youtube&quot;}\" data-widget_type=\"video.default\">\n\t\t\t\t<div class=\"elementor-widget-container\">\n\t\t\t\t\t\t\t<div class=\"elementor-wrapper elementor-open-inline\">\n\t\t\t<div class=\"elementor-video\"><\/div>\t\t<\/div>\n\t\t\t\t\t\t<\/div>\n\t\t\t\t<\/div>\n\t\t\t\t<\/div>\n\t\t<div class=\"elementor-element elementor-element-f5c7668 e-con-full e-flex e-con e-child\" data-id=\"f5c7668\" data-element_type=\"container\" data-e-type=\"container\">\n\t\t\t\t<div class=\"elementor-element elementor-element-559a230 elementor-widget elementor-widget-heading\" data-id=\"559a230\" data-element_type=\"widget\" data-e-type=\"widget\" data-widget_type=\"heading.default\">\n\t\t\t\t<div class=\"elementor-widget-container\">\n\t\t\t\t\t<h1 class=\"elementor-heading-title elementor-size-default\">Comment jouer au pickleball ?<\/h1>\t\t\t\t<\/div>\n\t\t\t\t<\/div>\n\t\t\t\t<div class=\"elementor-element elementor-element-a6bd336 elementor-widget elementor-widget-text-editor\" data-id=\"a6bd336\" data-element_type=\"widget\" data-e-type=\"widget\" data-widget_type=\"text-editor.default\">\n\t\t\t\t<div class=\"elementor-widget-container\">\n\t\t\t\t\t\t\t\t\t<p>Le pickleball est un jeu dans lequel on utilise des pagaies. Ces pagaies peuvent \u00eatre fabriqu\u00e9es dans diff\u00e9rents mat\u00e9riaux, tels que le bois, le plastique, la fibre de carbone, etc. Le jeu se joue avec un wiffleball, une balle en plastique perc\u00e9e de trous.<\/p><p>Que vous jouiez seul (en simple) ou \u00e0 deux de chaque c\u00f4t\u00e9 du terrain (en double), l'aire de jeu est environ deux fois plus petite qu'un terrain de tennis normal. Au centre du terrain se trouve un filet d'une hauteur maximale de 91 centim\u00e8tres.<\/p>\t\t\t\t\t\t\t\t<\/div>\n\t\t\t\t<\/div>\n\t\t\t\t<\/div>\n\t\t\t\t\t<\/div>\n\t\t\t\t<\/div>\n\t\t<div class=\"elementor-element elementor-element-17f62ad e-flex e-con-boxed e-con e-parent\" data-id=\"17f62ad\" data-element_type=\"container\" data-e-type=\"container\">\n\t\t\t\t\t<div class=\"e-con-inner\">\n\t\t<div class=\"elementor-element elementor-element-ac5a498 e-con-full e-flex e-con e-child\" data-id=\"ac5a498\" data-element_type=\"container\" data-e-type=\"container\" data-settings=\"{&quot;background_background&quot;:&quot;classic&quot;}\">\n\t\t\t\t<div class=\"elementor-element elementor-element-ff780ce elementor-widget elementor-widget-heading\" data-id=\"ff780ce\" data-element_type=\"widget\" data-e-type=\"widget\" data-widget_type=\"heading.default\">\n\t\t\t\t<div class=\"elementor-widget-container\">\n\t\t\t\t\t<h3 class=\"elementor-heading-title elementor-size-default\">Avant de commencer, il est utile de conna\u00eetre quelques r\u00e8gles de base<\/h3>\t\t\t\t<\/div>\n\t\t\t\t<\/div>\n\t\t\t\t<div class=\"elementor-element elementor-element-76cde9d elementor-align-start elementor-icon-list--layout-traditional elementor-list-item-link-full_width elementor-widget elementor-widget-icon-list\" data-id=\"76cde9d\" data-element_type=\"widget\" data-e-type=\"widget\" data-widget_type=\"icon-list.default\">\n\t\t\t\t<div class=\"elementor-widget-container\">\n\t\t\t\t\t\t\t<ul class=\"elementor-icon-list-items\">\n\t\t\t\t\t\t\t<li class=\"elementor-icon-list-item\">\n\t\t\t\t\t\t\t\t\t\t\t<span class=\"elementor-icon-list-icon\">\n\t\t\t\t\t\t\t<svg aria-hidden=\"true\" class=\"e-font-icon-svg e-fas-check\" viewbox=\"0 0 512 512\" xmlns=\"http:\/\/www.w3.org\/2000\/svg\"><path d=\"M173.898 439.404l-166.4-166.4c-9.997-9.997-9.997-26.206 0-36.204l36.203-36.204c9.997-9.998 26.207-9.998 36.204 0L192 312.69 432.095 72.596c9.997-9.997 26.207-9.997 36.204 0l36.203 36.204c9.997 9.997 9.997 26.206 0 36.204l-294.4 294.401c-9.998 9.997-26.207 9.997-36.204-.001z\"><\/path><\/svg>\t\t\t\t\t\t<\/span>\n\t\t\t\t\t\t\t\t\t\t<span class=\"elementor-icon-list-text\">Des deux c\u00f4t\u00e9s du filet se trouve une zone \"non-volley\", \u00e9galement appel\u00e9e the kitchen. Cette zone a une profondeur de 2,13 m\u00e8tres et est d\u00e9limit\u00e9e par une ligne parall\u00e8le au filet. Si vous vous tenez dans cette zone, vous n'avez pas le droit de frapper la balle directement au-dessus du filet, mais la balle doit d'abord heurter le sol.<\/span>\n\t\t\t\t\t\t\t\t\t<\/li>\n\t\t\t\t\t\t\t\t<li class=\"elementor-icon-list-item\">\n\t\t\t\t\t\t\t\t\t\t\t<span class=\"elementor-icon-list-icon\">\n\t\t\t\t\t\t\t<svg aria-hidden=\"true\" class=\"e-font-icon-svg e-fas-check\" viewbox=\"0 0 512 512\" xmlns=\"http:\/\/www.w3.org\/2000\/svg\"><path d=\"M173.898 439.404l-166.4-166.4c-9.997-9.997-9.997-26.206 0-36.204l36.203-36.204c9.997-9.998 26.207-9.998 36.204 0L192 312.69 432.095 72.596c9.997-9.997 26.207-9.997 36.204 0l36.203 36.204c9.997 9.997 9.997 26.206 0 36.204l-294.4 294.401c-9.998 9.997-26.207 9.997-36.204-.001z\"><\/path><\/svg>\t\t\t\t\t\t<\/span>\n\t\t\t\t\t\t\t\t\t\t<span class=\"elementor-icon-list-text\">Servez la balle en dessous de la ligne de fond et assurez-vous qu'elle atterrit derri\u00e8re la zone de non-volley de l'adversaire. Sur le premier service de chaque \u00e9quipe, la balle doit rebondir une fois avant d'\u00eatre renvoy\u00e9e.<\/span>\n\t\t\t\t\t\t\t\t\t<\/li>\n\t\t\t\t\t\t\t\t<li class=\"elementor-icon-list-item\">\n\t\t\t\t\t\t\t\t\t\t\t<span class=\"elementor-icon-list-icon\">\n\t\t\t\t\t\t\t<svg aria-hidden=\"true\" class=\"e-font-icon-svg e-fas-check\" viewbox=\"0 0 512 512\" xmlns=\"http:\/\/www.w3.org\/2000\/svg\"><path d=\"M173.898 439.404l-166.4-166.4c-9.997-9.997-9.997-26.206 0-36.204l36.203-36.204c9.997-9.998 26.207-9.998 36.204 0L192 312.69 432.095 72.596c9.997-9.997 26.207-9.997 36.204 0l36.203 36.204c9.997 9.997 9.997 26.206 0 36.204l-294.4 294.401c-9.998 9.997-26.207 9.997-36.204-.001z\"><\/path><\/svg>\t\t\t\t\t\t<\/span>\n\t\t\t\t\t\t\t\t\t\t<span class=\"elementor-icon-list-text\">Le point va \u00e0 l'autre \u00e9quipe si la balle rebondit deux fois du m\u00eame c\u00f4t\u00e9. L'\u00e9quipe qui sert peut marquer, mais si l'\u00e9quipe qui ne sert pas gagne le point, le score ne change pas.<\/span>\n\t\t\t\t\t\t\t\t\t<\/li>\n\t\t\t\t\t\t\t\t<li class=\"elementor-icon-list-item\">\n\t\t\t\t\t\t\t\t\t\t\t<span class=\"elementor-icon-list-icon\">\n\t\t\t\t\t\t\t<svg aria-hidden=\"true\" class=\"e-font-icon-svg e-fas-check\" viewbox=\"0 0 512 512\" xmlns=\"http:\/\/www.w3.org\/2000\/svg\"><path d=\"M173.898 439.404l-166.4-166.4c-9.997-9.997-9.997-26.206 0-36.204l36.203-36.204c9.997-9.998 26.207-9.998 36.204 0L192 312.69 432.095 72.596c9.997-9.997 26.207-9.997 36.204 0l36.203 36.204c9.997 9.997 9.997 26.206 0 36.204l-294.4 294.401c-9.998 9.997-26.207 9.997-36.204-.001z\"><\/path><\/svg>\t\t\t\t\t\t<\/span>\n\t\t\t\t\t\t\t\t\t\t<span class=\"elementor-icon-list-text\">Le jeu se termine \u00e0 11 points avec une diff\u00e9rence de deux points. Seule l'\u00e9quipe au service peut marquer des points, et si elle gagne un point, elle continue \u00e0 servir pour le point suivant.<\/span>\n\t\t\t\t\t\t\t\t\t<\/li>\n\t\t\t\t\t\t<\/ul>\n\t\t\t\t\t\t<\/div>\n\t\t\t\t<\/div>\n\t\t\t\t<div class=\"elementor-element elementor-element-32a72d1 elementor-widget elementor-widget-heading\" data-id=\"32a72d1\" data-element_type=\"widget\" data-e-type=\"widget\" data-widget_type=\"heading.default\">\n\t\t\t\t<div class=\"elementor-widget-container\">\n\t\t\t\t\t<h3 class=\"elementor-heading-title elementor-size-default\">Vous voulez TOUT savoir ?<\/h3>\t\t\t\t<\/div>\n\t\t\t\t<\/div>\n\t\t\t\t<div class=\"elementor-element elementor-element-afd52f9 elementor-widget elementor-widget-text-editor\" data-id=\"afd52f9\" data-element_type=\"widget\" data-e-type=\"widget\" data-widget_type=\"text-editor.default\">\n\t\t\t\t<div class=\"elementor-widget-container\">\n\t\t\t\t\t\t\t\t\t<p class=\" translation-block\">Consultez ou t\u00e9l\u00e9chargez le PDF du livre avec les derni\u00e8res\u00a0<a href=\"https:\/\/usapickleball.org\/docs\/USA-Pickleball-Official-Rulebook-2024-v1.pdf\" target=\"_blank\">r\u00e8gles officielles<\/a>!<\/p>\t\t\t\t\t\t\t\t<\/div>\n\t\t\t\t<\/div>\n\t\t\t\t<\/div>\n\t\t<div class=\"elementor-element elementor-element-5fac11c e-con-full e-flex e-con e-child\" data-id=\"5fac11c\" data-element_type=\"container\" data-e-type=\"container\">\n\t\t<div class=\"elementor-element elementor-element-045040a e-con-full e-flex e-con e-child\" data-id=\"045040a\" data-element_type=\"container\" data-e-type=\"container\">\n\t\t\t\t<div class=\"elementor-element elementor-element-e496b18 elementor-widget elementor-widget-heading\" data-id=\"e496b18\" data-element_type=\"widget\" data-e-type=\"widget\" data-widget_type=\"heading.default\">\n\t\t\t\t<div class=\"elementor-widget-container\">\n\t\t\t\t\t<h3 class=\"elementor-heading-title elementor-size-default\">Conseils pour les joueurs novices de pickleball<\/h3>\t\t\t\t<\/div>\n\t\t\t\t<\/div>\n\t\t\t\t<div class=\"elementor-element elementor-element-f1ce2c1 elementor-view-default elementor-widget elementor-widget-icon\" data-id=\"f1ce2c1\" data-element_type=\"widget\" data-e-type=\"widget\" data-widget_type=\"icon.default\">\n\t\t\t\t<div class=\"elementor-widget-container\">\n\t\t\t\t\t\t\t<div class=\"elementor-icon-wrapper\">\n\t\t\t<div class=\"elementor-icon\">\n\t\t\t<svg aria-hidden=\"true\" class=\"e-font-icon-svg e-far-lightbulb\" viewbox=\"0 0 352 512\" xmlns=\"http:\/\/www.w3.org\/2000\/svg\"><path d=\"M176 80c-52.94 0-96 43.06-96 96 0 8.84 7.16 16 16 16s16-7.16 16-16c0-35.3 28.72-64 64-64 8.84 0 16-7.16 16-16s-7.16-16-16-16zM96.06 459.17c0 3.15.93 6.22 2.68 8.84l24.51 36.84c2.97 4.46 7.97 7.14 13.32 7.14h78.85c5.36 0 10.36-2.68 13.32-7.14l24.51-36.84c1.74-2.62 2.67-5.7 2.68-8.84l.05-43.18H96.02l.04 43.18zM176 0C73.72 0 0 82.97 0 176c0 44.37 16.45 84.85 43.56 115.78 16.64 18.99 42.74 58.8 52.42 92.16v.06h48v-.12c-.01-4.77-.72-9.51-2.15-14.07-5.59-17.81-22.82-64.77-62.17-109.67-20.54-23.43-31.52-53.15-31.61-84.14-.2-73.64 59.67-128 127.95-128 70.58 0 128 57.42 128 128 0 30.97-11.24 60.85-31.65 84.14-39.11 44.61-56.42 91.47-62.1 109.46a47.507 47.507 0 0 0-2.22 14.3v.1h48v-.05c9.68-33.37 35.78-73.18 52.42-92.16C335.55 260.85 352 220.37 352 176 352 78.8 273.2 0 176 0z\"><\/path><\/svg>\t\t\t<\/div>\n\t\t<\/div>\n\t\t\t\t\t\t<\/div>\n\t\t\t\t<\/div>\n\t\t\t\t<\/div>\n\t\t\t\t<div class=\"elementor-element elementor-element-14cb9be elementor-widget elementor-widget-heading\" data-id=\"14cb9be\" data-element_type=\"widget\" data-e-type=\"widget\" data-widget_type=\"heading.default\">\n\t\t\t\t<div class=\"elementor-widget-container\">\n\t\t\t\t\t<h5 class=\"elementor-heading-title elementor-size-default\">\u00c9viter les grandes fluctuations<\/h5>\t\t\t\t<\/div>\n\t\t\t\t<\/div>\n\t\t\t\t<div class=\"elementor-element elementor-element-1c5534e elementor-widget elementor-widget-text-editor\" data-id=\"1c5534e\" data-element_type=\"widget\" data-e-type=\"widget\" data-widget_type=\"text-editor.default\">\n\t\t\t\t<div class=\"elementor-widget-container\">\n\t\t\t\t\t\t\t\t\t<p>Les joueurs novices de pickleball, en particulier ceux qui ont une exp\u00e9rience du tennis, ont tendance \u00e0 faire de grands swings arri\u00e8re, mais sur un petit terrain et avec des balles r\u00e9sistantes, c'est contre-productif. Faites des coups courts et contr\u00f4lez la direction de la balle. En progressant, vous finirez par frapper plus vite, mais il n'est pas n\u00e9cessaire d'avoir un grand \u00e9lan arri\u00e8re.<\/p>\t\t\t\t\t\t\t\t<\/div>\n\t\t\t\t<\/div>\n\t\t\t\t<div class=\"elementor-element elementor-element-4621631 elementor-widget elementor-widget-heading\" data-id=\"4621631\" data-element_type=\"widget\" data-e-type=\"widget\" data-widget_type=\"heading.default\">\n\t\t\t\t<div class=\"elementor-widget-container\">\n\t\t\t\t\t<h5 class=\"elementor-heading-title elementor-size-default\">Garder le ballon devant soi<\/h5>\t\t\t\t<\/div>\n\t\t\t\t<\/div>\n\t\t\t\t<div class=\"elementor-element elementor-element-7fdf5f3 elementor-widget elementor-widget-text-editor\" data-id=\"7fdf5f3\" data-element_type=\"widget\" data-e-type=\"widget\" data-widget_type=\"text-editor.default\">\n\t\t\t\t<div class=\"elementor-widget-container\">\n\t\t\t\t\t\t\t\t\t<p>Lorsque vous commencez \u00e0 jouer, vous bougez parfois trop peu et vous vous \u00e9tirez trop pour atteindre la balle, ce qui rend plus difficile de la frapper \u00e0 l'int\u00e9rieur des lignes. Am\u00e9liorez votre jeu en effectuant des pas lat\u00e9raux et des mouvements courts, tout en restant concentr\u00e9 sur la balle et l'emplacement souhait\u00e9. Commencez avec les genoux fl\u00e9chis, tenez votre paddle devant votre corps et placez vos pieds en forme de V pour plus de contr\u00f4le et de pr\u00e9cision.<\/p>\t\t\t\t\t\t\t\t<\/div>\n\t\t\t\t<\/div>\n\t\t\t\t<\/div>\n\t\t<div class=\"elementor-element elementor-element-44dc1ba e-con-full e-flex e-con e-child\" data-id=\"44dc1ba\" data-element_type=\"container\" data-e-type=\"container\">\n\t\t\t\t<div class=\"elementor-element elementor-element-8efa755 elementor-widget elementor-widget-heading\" data-id=\"8efa755\" data-element_type=\"widget\" data-e-type=\"widget\" data-widget_type=\"heading.default\">\n\t\t\t\t<div class=\"elementor-widget-container\">\n\t\t\t\t\t<h2 class=\"elementor-heading-title elementor-size-default\">Tu trouves \u00e7a un peu compliqu\u00e9 ? Ne t'inqui\u00e8te pas !<\/h2>\t\t\t\t<\/div>\n\t\t\t\t<\/div>\n\t\t\t\t<div class=\"elementor-element elementor-element-1196adc elementor-widget elementor-widget-text-editor\" data-id=\"1196adc\" data-element_type=\"widget\" data-e-type=\"widget\" data-widget_type=\"text-editor.default\">\n\t\t\t\t<div class=\"elementor-widget-container\">\n\t\t\t\t\t\t\t\t\t<p>Dans le pickleball, il est tout \u00e0 fait normal que les joueurs exp\u00e9riment\u00e9s prennent les nouveaux sous leur aile.<br>\nPrenez votre temps et espace pour ma\u00eetriser les r\u00e8gles du jeu et les techniques \u00e0 votre propre rythme !<\/p>\t\t\t\t\t\t\t\t<\/div>\n\t\t\t\t<\/div>\n\t\t\t\t<\/div>\n\t\t\t\t\t<\/div>\n\t\t\t\t<\/div>\n\t\t\t\t<\/div>","protected":false},"excerpt":{"rendered":"<p>Pickleball is misschien wel de populairste sport in de Verenigde Staten. Volgens de&nbsp;Sports and Fitness Industry Association&nbsp;is het beoefenen van pickleball bij spelers in de VS in 2022 verdubbeld en in drie jaar gegroeid met bijna 159 procent.&nbsp;Overal in de wereld zit pickleball in de lift! Wat maakt pickleball zo populair? Toegankelijkheid Het kan door [&hellip;]<\/p>\n","protected":false},"author":1,"featured_media":0,"parent":0,"menu_order":0,"comment_status":"closed","ping_status":"closed","template":"elementor_header_footer","meta":{"_acf_changed":false,"footnotes":""},"class_list":["post-6580","page","type-page","status-publish","hentry"],"acf":[],"_links":{"self":[{"href":"https:\/\/pickleballfans.eu\/fr\/wp-json\/wp\/v2\/pages\/6580","targetHints":{"allow":["GET"]}}],"collection":[{"href":"https:\/\/pickleballfans.eu\/fr\/wp-json\/wp\/v2\/pages"}],"about":[{"href":"https:\/\/pickleballfans.eu\/fr\/wp-json\/wp\/v2\/types\/page"}],"author":[{"embeddable":true,"href":"https:\/\/pickleballfans.eu\/fr\/wp-json\/wp\/v2\/users\/1"}],"replies":[{"embeddable":true,"href":"https:\/\/pickleballfans.eu\/fr\/wp-json\/wp\/v2\/comments?post=6580"}],"version-history":[{"count":39,"href":"https:\/\/pickleballfans.eu\/fr\/wp-json\/wp\/v2\/pages\/6580\/revisions"}],"predecessor-version":[{"id":28742,"href":"https:\/\/pickleballfans.eu\/fr\/wp-json\/wp\/v2\/pages\/6580\/revisions\/28742"}],"wp:attachment":[{"href":"https:\/\/pickleballfans.eu\/fr\/wp-json\/wp\/v2\/media?parent=6580"}],"curies":[{"name":"wp","href":"https:\/\/api.w.org\/{rel}","templated":true}]}}