{"id":7529,"date":"2024-12-24T13:16:05","date_gmt":"2024-12-24T12:16:05","guid":{"rendered":"https:\/\/pickleballfans.eu\/new\/?page_id=7529"},"modified":"2025-01-08T11:16:07","modified_gmt":"2025-01-08T10:16:07","slug":"privacy-en-cookiebeleid","status":"publish","type":"page","link":"https:\/\/pickleballfans.eu\/fr\/privacy-en-cookiebeleid\/","title":{"rendered":"Politique de Confidentialit\u00e9 et de Cookies"},"content":{"rendered":"<div data-elementor-type=\"wp-page\" data-elementor-id=\"7529\" class=\"elementor elementor-7529\" data-elementor-post-type=\"page\">\n\t\t\t\t<div class=\"elementor-element elementor-element-7e8b007 e-flex e-con-boxed e-con e-parent\" data-id=\"7e8b007\" data-element_type=\"container\" data-e-type=\"container\">\n\t\t\t\t\t<div class=\"e-con-inner\">\n\t\t\t\t<div class=\"elementor-element elementor-element-e10a220 elementor-widget elementor-widget-heading\" data-id=\"e10a220\" data-element_type=\"widget\" data-e-type=\"widget\" data-no-translation=\"\" data-widget_type=\"heading.default\">\n\t\t\t\t<div class=\"elementor-widget-container\">\n\t\t\t\t\t<style>.elementor-element-e10a220{display:none !important}<\/style>\t\t\t\t<\/div>\n\t\t\t\t<\/div>\n\t\t\t\t<div class=\"elementor-element elementor-element-06ae867 elementor-widget elementor-widget-html\" data-id=\"06ae867\" data-element_type=\"widget\" data-e-type=\"widget\" data-widget_type=\"html.default\">\n\t\t\t\t<div class=\"elementor-widget-container\">\n\t\t\t\t\t<style>.elementor-element-06ae867{display:none !important}<\/style>\t\t\t\t<\/div>\n\t\t\t\t<\/div>\n\t\t\t\t<div class=\"elementor-element elementor-element-c4741b4 elementor-widget elementor-widget-html\" data-id=\"c4741b4\" data-element_type=\"widget\" data-e-type=\"widget\" data-no-translation=\"\" data-widget_type=\"html.default\">\n\t\t\t\t<div class=\"elementor-widget-container\">\n\t\t\t\t\t<h6><span>Derni\u00e8re mise \u00e0 jour le 24-d\u00e9c.-2024<\/span><br><span>Date d'entr\u00e9e en vigueur 24-d\u00e9c.-2024<\/span><\/h6>\n\n<p class=\"privacy-policy-p\">\n    Cette Politique de Confidentialit\u00e9 d\u00e9crit les politiques de\n\n    Pickleballfans vzw,\n    Rozenlaan 10,\n    Limbourg\n    3730,\n    Belgique,\n    e-mail : info@pickleballfans.eu,\n    t\u00e9l\u00e9phone : 0476 88 05 30\n\n    sur la collecte,\n    l'utilisation et la divulgation de vos informations que nous collectons\n    lorsque vous utilisez notre site web ( https:\/\/pickleballfans.eu\/new_3 ).\n    (le \"Service\"). En acc\u00e9dant ou en utilisant\n    le\n    Service, vous consentez \u00e0 la collecte, \u00e0 l'utilisation et \u00e0 la\n    divulgation de vos informations conform\u00e9ment \u00e0 cette\n    Politique de Confidentialit\u00e9. Si vous ne consentez pas \u00e0 cela,\n    veuillez ne pas acc\u00e9der ou utiliser le Service.\n<\/p>\n\n<p class=\"privacy-policy-p\">\n    Nous pouvons modifier cette Politique de Confidentialit\u00e9 \u00e0 tout moment sans\n    pr\u00e9avis et publierons la Politique de Confidentialit\u00e9 r\u00e9vis\u00e9e sur le Service. La Politique r\u00e9vis\u00e9e sera\n    effective 180 jours apr\u00e8s sa publication sur le Service et votre\n    acc\u00e8s ou utilisation continue du Service apr\u00e8s cette p\u00e9riode\n    constituera votre acceptation de la Politique de Confidentialit\u00e9 r\u00e9vis\u00e9e. Nous vous recommandons donc de consulter cette page p\u00e9riodiquement.\n<\/p>\n\n<ol class=\"privacy-policy-ol\">\n        <li>\n        <h5 class=\"privacy-policy-h2\">\n            Informations que nous collectons :\n        <\/h5>\n\n        \n        <p class=\"privacy-policy-p\">\n            Nous collecterons et traiterons les informations\n            personnelles suivantes vous concernant :\n        <\/p>\n        <ol class=\"privacy-policy-ol\">\n\n                        <li>Nom<\/li>\n            \n                        <li>E-mail<\/li>\n            \n                        <li>Num\u00e9ro de t\u00e9l\u00e9phone<\/li>\n            \n                        <li>Profil sur les r\u00e9seaux sociaux<\/li>\n            \n        <\/ol>\n        \n    <\/li>\n\n    \n        <li>\n        <h5 class=\"privacy-policy-h2\">\n            Comment nous collectons vos informations :\n        <\/h5>\n        <p class=\"privacy-policy-p\">\n            Nous collectons\/recevons des informations vous concernant de la mani\u00e8re suivante :\n        <\/p>\n        <ol class=\"privacy-policy-ol\">\n\n                        <li>Lorsque l'utilisateur remplit un formulaire d'inscription ou soumet des informations personnelles<\/li>\n            <li>Interagit avec le site web<\/li>\n            \n                        <li>Depuis des sources publiques<\/li>\n            \n        <\/ol>\n    <\/li>\n\n    \n        <li>\n        <h5 class=\"privacy-policy-h2\">\n            Comment nous utilisons vos informations :\n        <\/h5>\n        <p class=\"privacy-policy-p\">\n            Nous utiliserons les informations que nous collectons\n            vous concernant aux fins suivantes :\n        <\/p>\n        <ol class=\"privacy-policy-ol\">\n\n            \n                        <li>Cr\u00e9ation de compte utilisateur<\/li>\n            \n                        <li>Collecte de retours clients<\/li>\n            \n                        <li>Support<\/li>\n            \n                        <li>Informations administratives<\/li>\n            \n                        <li>Protection du site<\/li>\n            \n                        <li>Commentaires entre utilisateurs<\/li>\n            \n                        <li>Gestion du compte utilisateur<\/li>\n            \n        <\/ol>\n        <p class=\"privacy-policy-p\">\n            Si nous souhaitons utiliser vos informations \u00e0 d'autres\n            fins, nous vous demanderons votre consentement et n'utiliserons\n            vos informations qu'apr\u00e8s avoir re\u00e7u votre\n            consentement et uniquement aux fins pour lesquelles vous avez donn\u00e9 votre accord, sauf si nous sommes tenus de faire autrement par la loi.\n        <\/p>\n    <\/li>\n    \n    \n    <li>\n        <h5 class=\"privacy-policy-h2\">\n            Comment nous partageons vos informations :\n        <\/h5>\n\n                <p class=\"privacy-policy-p\">\n            Nous ne transf\u00e9rerons pas vos informations personnelles\n            \u00e0 des tiers sans votre consentement,\n            sauf dans des circonstances limit\u00e9es comme d\u00e9crit\n            ci-dessous :\n        <\/p>\n        <ol class=\"privacy-policy-ol\">\n                        <li>Analyses<\/li>\n                    <\/ol>\n        \n        <p class=\"privacy-policy-p\">\n            Nous exigeons que ces tiers utilisent les\n            informations personnelles que nous leur transf\u00e9rons uniquement\n            aux fins pour lesquelles elles ont \u00e9t\u00e9 transf\u00e9r\u00e9es et\n            qu'ils ne les conservent pas plus longtemps que n\u00e9cessaire pour\n            atteindre cet objectif.\n        <\/p>\n        <p class=\"privacy-policy-p\">\n            Nous pouvons \u00e9galement divulguer vos informations personnelles\n            pour les raisons suivantes : (1) pour se conformer \u00e0 la loi\n            applicable, \u00e0 une r\u00e9glementation, \u00e0 une ordonnance du tribunal ou \u00e0 une autre proc\u00e9dure l\u00e9gale ; (2) pour appliquer vos accords avec nous,\n            y compris cette Politique de Confidentialit\u00e9 ; ou (3) pour r\u00e9pondre\n            aux r\u00e9clamations selon lesquelles votre utilisation du Service viole\n            les droits de tiers. Si le Service ou notre\n            entreprise est fusionn\u00e9 ou acquis par une autre\n            entreprise, vos informations feront partie des\n            actifs transf\u00e9r\u00e9s au nouveau propri\u00e9taire.\n        <\/p>\n    <\/li>\n    \n\n        <li>\n        <h5 class=\"privacy-policy-h2\">\n            Conservation de vos informations :\n        <\/h5>\n        <p class=\"privacy-policy-p\">\n            Nous conserverons vos informations personnelles avec nous\n            pendant\n                        90 jours \u00e0 2 ans apr\u00e8s la r\u00e9siliation des comptes utilisateurs\n                        ou aussi longtemps que nous en aurons besoin pour atteindre les objectifs pour\n            lesquels elles ont \u00e9t\u00e9 collect\u00e9es, comme d\u00e9taill\u00e9 dans cette\n            Politique de Confidentialit\u00e9. Nous pouvons avoir besoin de conserver certaines\n            informations pendant des p\u00e9riodes plus longues, telles que\n            la tenue de registres\/conformit\u00e9 aux lois applicables ou pour d'autres raisons l\u00e9gitimes\n            comme l'application des droits l\u00e9gaux, la pr\u00e9vention de la fraude, etc. Les informations r\u00e9siduelles anonymes\n            et les informations agr\u00e9g\u00e9es, qui ne vous identifient pas (directement ou indirectement), peuvent \u00eatre\n            stock\u00e9es ind\u00e9finiment.\n        <\/p>\n    <\/li>\n    \n    <li>\n        <h5 class=\"privacy-policy-h2\">\n            Vos droits :\n        <\/h5>\n        <p class=\"privacy-policy-p\">\n            Selon la loi applicable, vous pouvez avoir\n            le droit d'acc\u00e9der, de rectifier ou d'effacer vos\n            donn\u00e9es personnelles ou de recevoir une copie de vos donn\u00e9es personnelles, de restreindre ou de vous opposer au traitement actif de vos donn\u00e9es, de nous demander de partager (porter) vos informations personnelles \u00e0 une autre entit\u00e9, de retirer tout consentement que vous nous avez fourni pour traiter vos donn\u00e9es, un droit de d\u00e9poser une plainte aupr\u00e8s d'une autorit\u00e9 l\u00e9gale et d'autres droits pertinents en vertu des lois applicables. Pour\n            exercer ces droits, vous pouvez nous \u00e9crire \u00e0\n            info@pickleballfans.eu.\n            Nous r\u00e9pondrons \u00e0 votre\n            demande conform\u00e9ment \u00e0 la loi applicable.\n        <\/p>\n\n                <p class=\"privacy-policy-p\">\n            Vous pouvez vous d\u00e9sinscrire des communications marketing\n            directes ou du profilage que nous effectuons \u00e0 des\n            fins de marketing en nous \u00e9crivant \u00e0\n            info@pickleballfans.eu.\n        <\/p>\n        \n        <p class=\"privacy-policy-p\">\n            Veuillez noter que si vous ne nous autorisez pas \u00e0 collecter\n            ou traiter les informations personnelles requises ou\n            retirez votre consentement pour les traiter \u00e0 des fins n\u00e9cessaires, vous pourriez ne pas \u00eatre en mesure d'acc\u00e9der\n            ou d'utiliser les services pour lesquels vos informations\n            ont \u00e9t\u00e9 demand\u00e9es.\n        <\/p>\n    <\/li>\n        <li>\n        <h5 class=\"privacy-policy-h2\">\n            Cookies, etc.\n        <\/h5>\n        <p class=\"privacy-policy-p\">\n            Pour en savoir plus sur la mani\u00e8re dont nous utilisons ces\n            technologies de suivi et vos choix concernant ces derni\u00e8res, veuillez consulter notre\n            <a href=\"#cookies\">Politique relative aux cookies.<\/a>\n        <\/p>\n    <\/li>\n    \n    <li>\n        <h5 class=\"privacy-policy-h2\">\n            S\u00e9curit\u00e9 :\n        <\/h5>\n        <p class=\"privacy-policy-p\">\n            La s\u00e9curit\u00e9 de vos informations est importante pour\n            nous et nous utiliserons des mesures de s\u00e9curit\u00e9 raisonnables\n            pour pr\u00e9venir la perte, l'utilisation abusive ou la modification non autoris\u00e9e de vos informations sous notre\n            contr\u00f4le. Cependant, \u00e9tant donn\u00e9 les risques inh\u00e9rents, nous\n            ne pouvons garantir une s\u00e9curit\u00e9 absolue et, par cons\u00e9quent, nous ne pouvons assurer ou garantir la s\u00e9curit\u00e9 de toute information que vous nous transmettez\n            et vous le faites \u00e0 vos propres risques.\n        <\/p>\n    <\/li>\n\n        <li>\n        <h5 class=\"privacy-policy-h2\">\n            Liens tiers et utilisation de vos informations :\n        <\/h5>\n        <p class=\"privacy-policy-p\">\n            Notre Service peut contenir des liens vers d'autres sites web\n            qui ne sont pas exploit\u00e9s par nous. Cette Politique de Confidentialit\u00e9\n            ne traite pas de la politique de confidentialit\u00e9 et des autres\n            pratiques de tiers, y compris de tout tiers exploitant tout site web ou service\n            qui peut \u00eatre accessible via un lien sur le\n            Service. Nous vous conseillons vivement de consulter la\n            politique de confidentialit\u00e9 de chaque site que vous visitez. Nous n'avons aucun contr\u00f4le sur le contenu, les politiques de confidentialit\u00e9 ou les pratiques de\n            tout site ou service tiers.\n        <\/p>\n    <\/li>\n    \n    <li>\n        <h5 class=\"privacy-policy-h2\">\n            Responsable des r\u00e9clamations\/protection des donn\u00e9es :\n        <\/h5>\n        <p class=\"privacy-policy-p\">\n            Si vous avez des questions ou des pr\u00e9occupations concernant le\n            traitement de vos informations en notre possession, vous pouvez envoyer un e-mail \u00e0 notre responsable des r\u00e9clamations \u00e0\n            Pickleballfans vzw,\n            Rozenlaan 10,\n            e-mail : info@pickleballfans.eu.\n            Nous traiterons vos pr\u00e9occupations conform\u00e9ment \u00e0 la loi applicable.\n        <\/p>\n    <\/li>\n<\/ol>\n<p class=\"privacy-policy-p\">\n    Politique de Confidentialit\u00e9 g\u00e9n\u00e9r\u00e9e avec  <a target=\"_blank\" href=\"https:\/\/www.cookieyes.com\/?utm_source=PP&utm_medium=footer&utm_campaign=UW\">CookieYes<\/a>.\n<\/p>\n\t\t\t\t<\/div>\n\t\t\t\t<\/div>\n\t\t\t\t<div class=\"elementor-element elementor-element-e3f7433 elementor-widget elementor-widget-html\" data-id=\"e3f7433\" data-element_type=\"widget\" data-e-type=\"widget\" data-no-translation=\"\" data-widget_type=\"html.default\">\n\t\t\t\t<div class=\"elementor-widget-container\">\n\t\t\t\t\t<style>.elementor-element-e3f7433{display:none !important}<\/style>\t\t\t\t<\/div>\n\t\t\t\t<\/div>\n\t\t\t\t<div class=\"elementor-element elementor-element-1c2cb54 elementor-widget elementor-widget-html\" data-id=\"1c2cb54\" data-element_type=\"widget\" data-e-type=\"widget\" data-no-translation=\"\" data-widget_type=\"html.default\">\n\t\t\t\t<div class=\"elementor-widget-container\">\n\t\t\t\t\t<style>.elementor-element-1c2cb54{display:none !important}<\/style>\t\t\t\t<\/div>\n\t\t\t\t<\/div>\n\t\t\t\t<div class=\"elementor-element elementor-element-261911b elementor-widget elementor-widget-heading\" data-id=\"261911b\" data-element_type=\"widget\" data-e-type=\"widget\" id=\"cookies\" data-widget_type=\"heading.default\">\n\t\t\t\t<div class=\"elementor-widget-container\">\n\t\t\t\t\t<h1 class=\"elementor-heading-title elementor-size-default\">Politique de Cookies<\/h1>\t\t\t\t<\/div>\n\t\t\t\t<\/div>\n\t\t\t\t<div class=\"elementor-element elementor-element-1ebd93c elementor-widget elementor-widget-html\" data-id=\"1ebd93c\" data-element_type=\"widget\" data-e-type=\"widget\" data-widget_type=\"html.default\">\n\t\t\t\t<div class=\"elementor-widget-container\">\n\t\t\t\t\t<style>.elementor-element-1ebd93c{display:none !important}<\/style>\t\t\t\t<\/div>\n\t\t\t\t<\/div>\n\t\t\t\t<div class=\"elementor-element elementor-element-efc2381 elementor-widget elementor-widget-html\" data-id=\"efc2381\" data-element_type=\"widget\" data-e-type=\"widget\" data-widget_type=\"html.default\">\n\t\t\t\t<div class=\"elementor-widget-container\">\n\t\t\t\t\t<p>\n    Date d'effet : 24-d\u00e9c-2024 <br>\n    Derni\u00e8re mise \u00e0 jour : 24-d\u00e9c-2024\n<\/p>\n<h5>Qu'est-ce que les cookies ?<\/h5>\n<div class=\"cookie-policy-p\"><p>Cette politique relative aux cookies explique ce que sont les cookies et comment nous les utilisons, les types de cookies que nous utilisons, c'est-\u00e0-dire les informations que nous collectons gr\u00e2ce aux cookies et comment ces informations sont utilis\u00e9es, ainsi que comment g\u00e9rer les param\u00e8tres des cookies.<\/p> <p>Les cookies sont de petits fichiers texte utilis\u00e9s pour stocker de petites quantit\u00e9s d'informations. Ils sont stock\u00e9s sur votre appareil lorsque le site Web est charg\u00e9 dans votre navigateur. Ces cookies nous aident \u00e0 faire fonctionner le site Web correctement, \u00e0 le rendre plus s\u00e9curis\u00e9, \u00e0 offrir une meilleure exp\u00e9rience utilisateur, \u00e0 comprendre comment le site Web fonctionne et \u00e0 analyser ce qui fonctionne et ce qui doit \u00eatre am\u00e9lior\u00e9.<\/p><\/div>\n\n&nbsp;\n<h5>Comment utilisons-nous les cookies ?<\/h5>\n<div class=\"cookie-policy-p\"><p>Comme la plupart des services en ligne, notre site Web utilise des cookies de premi\u00e8re et de tierce partie \u00e0 diverses fins. Les cookies de premi\u00e8re partie sont principalement n\u00e9cessaires pour que le site Web fonctionne correctement et ne collectent aucune de vos donn\u00e9es personnelles identifiables.<\/p> <p>Les cookies de tierce partie utilis\u00e9s sur notre site Web servent principalement \u00e0 comprendre comment le site Web fonctionne, comment vous interagissez avec notre site Web, \u00e0 maintenir nos services s\u00e9curis\u00e9s, \u00e0 fournir des publicit\u00e9s pertinentes pour vous et, en fin de compte, \u00e0 vous offrir une exp\u00e9rience utilisateur meilleure et am\u00e9lior\u00e9e et \u00e0 acc\u00e9l\u00e9rer vos futures interactions avec notre site Web.<\/p><\/div>\n\n&nbsp;\n<h5>Types de cookies que nous utilisons<\/h5>\n\n<div class=\"cky-audit-table-element\">\n    <h6>N\u00e9cessaire<\/h6>\n    <div class=\"cky-category-des\">\n        <p>Les cookies n\u00e9cessaires sont requis pour activer les fonctionnalit\u00e9s de base de ce site, telles que la connexion s\u00e9curis\u00e9e ou l'ajustement de vos pr\u00e9f\u00e9rences de consentement. Ces cookies ne stockent aucune donn\u00e9e personnellement identifiable.<\/p>\n    <\/div>\n    <div class=\"cky-table-wrapper\">\n        <table class=\"cky-cookie-audit-table\">\n            <thead>\n                <tr>\n                    <th>Cookie<\/th>\n                    <th>Dur\u00e9e<\/th>\n                    <th>Description<\/th>\n                <\/tr>\n            <\/thead>\n            <tbody>\n                <tr>\n                    <td>cookieyes-consent<\/td>\n                    <td>1 an<\/td>\n                    <td>CookieYes d\u00e9finit ce cookie pour m\u00e9moriser les pr\u00e9f\u00e9rences de consentement des utilisateurs afin que leurs pr\u00e9f\u00e9rences soient respect\u00e9es lors des visites ult\u00e9rieures sur ce site. Il ne collecte ni ne stocke aucune information personnelle sur les visiteurs du site.<\/td>\n                <\/tr>\n            <\/tbody>\n        <\/table>\n    <\/div>\n<\/div>\n\n&nbsp;\n<h5 style=\"margin-bottom:20px;\">G\u00e9rer les pr\u00e9f\u00e9rences des cookies<\/h5>\n\n<a class=\"cky-banner-element\">Param\u00e8tres des cookies<\/a> <br\/>\n\n<div><p>Vous pouvez modifier vos pr\u00e9f\u00e9rences en mati\u00e8re de cookies \u00e0 tout moment en cliquant sur le bouton ci-dessus. Cela vous permettra de revisiter la banni\u00e8re de consentement aux cookies et de modifier vos pr\u00e9f\u00e9rences ou de retirer votre consentement imm\u00e9diatement.<\/p> <p>En outre, diff\u00e9rents navigateurs proposent diff\u00e9rentes m\u00e9thodes pour bloquer et supprimer les cookies utilis\u00e9s par les sites Web. Vous pouvez modifier les param\u00e8tres de votre navigateur pour bloquer\/supprimer les cookies. Voici les liens vers les documents d'assistance sur la gestion et la suppression des cookies pour les principaux navigateurs Web.<\/p> <p>Chrome : <a target=\"_blank\" href=\"https:\/\/support.google.com\/accounts\/answer\/32050\">https:\/\/support.google.com\/accounts\/answer\/32050<\/a><\/p><p>Safari : <a target=\"_blank\" href=\"https:\/\/support.apple.com\/en-in\/guide\/safari\/sfri11471\/mac\">https:\/\/support.apple.com\/en-in\/guide\/safari\/sfri11471\/mac<\/a><\/p><p>Firefox : <a target=\"_blank\" href=\"https:\/\/support.mozilla.org\/en-US\/kb\/clear-cookies-and-site-data-firefox?redirectslug=delete-cookies-remove-info-websites-stored&amp;redirectlocale=en-US\">https:\/\/support.mozilla.org\/en-US\/kb\/clear-cookies-and-site-data-firefox?redirectslug=delete-cookies-remove-info-websites-stored&amp;redirectlocale=en-US<\/a><\/p><p>Internet Explorer : <a target=\"_blank\" href=\"https:\/\/support.microsoft.com\/en-us\/topic\/how-to-delete-cookie-files-in-internet-explorer-bca9446f-d873-78de-77ba-d42645fa52fc\">https:\/\/support.microsoft.com\/en-us\/topic\/how-to-delete-cookie-files-in-internet-explorer-bca9446f-d873-78de-77ba-d42645fa52fc<\/a><\/p><p>Si vous utilisez un autre navigateur Web, veuillez consulter les documents d'assistance officiels de votre navigateur.<\/p><\/div>\n\n&nbsp;\n<p class=\"cookie-policy-p\">\n    Politique relative aux cookies g\u00e9n\u00e9r\u00e9e par <a target=\"_blank\" href=\"https:\/\/www.cookieyes.com\/?utm_source=CP&utm_medium=footer&utm_campaign=UW\">CookieYes - G\u00e9n\u00e9rateur de politique de cookies<\/a>.\n<\/p>\n\t\t\t\t<\/div>\n\t\t\t\t<\/div>\n\t\t\t\t<div class=\"elementor-element elementor-element-505e3fa elementor-widget elementor-widget-html\" data-id=\"505e3fa\" data-element_type=\"widget\" data-e-type=\"widget\" data-widget_type=\"html.default\">\n\t\t\t\t<div class=\"elementor-widget-container\">\n\t\t\t\t\t<style>.elementor-element-505e3fa{display:none !important}<\/style>\t\t\t\t<\/div>\n\t\t\t\t<\/div>\n\t\t\t\t<div class=\"elementor-element elementor-element-38a106d elementor-widget elementor-widget-html\" data-id=\"38a106d\" data-element_type=\"widget\" data-e-type=\"widget\" data-widget_type=\"html.default\">\n\t\t\t\t<div class=\"elementor-widget-container\">\n\t\t\t\t\t<style>.elementor-element-38a106d{display:none !important}<\/style>\t\t\t\t<\/div>\n\t\t\t\t<\/div>\n\t\t\t\t\t<\/div>\n\t\t\t\t<\/div>\n\t\t\t\t<\/div>","protected":false},"excerpt":{"rendered":"<p>Laatst bijgewerkt op 24-dec-2024 Ingangsdatum 24-dec-2024 Dit Privacybeleid beschrijft het beleid van Pickleballfans vzw, Rozenlaan 10, Limburg 3730, Belgi\u00eb, e-mail: info@pickleballfans.eu, telefoon: 0476 88 05 30 met betrekking tot de verzameling, het gebruik en de openbaarmaking van uw informatie die wij verzamelen wanneer u onze website gebruikt ( https:\/\/pickleballfans.eu ). (de &#8220;Dienst&#8221;). Door toegang te [&hellip;]<\/p>\n","protected":false},"author":1,"featured_media":0,"parent":0,"menu_order":0,"comment_status":"closed","ping_status":"closed","template":"elementor_header_footer","meta":{"_acf_changed":false,"footnotes":""},"class_list":["post-7529","page","type-page","status-publish","hentry"],"acf":[],"_links":{"self":[{"href":"https:\/\/pickleballfans.eu\/fr\/wp-json\/wp\/v2\/pages\/7529","targetHints":{"allow":["GET"]}}],"collection":[{"href":"https:\/\/pickleballfans.eu\/fr\/wp-json\/wp\/v2\/pages"}],"about":[{"href":"https:\/\/pickleballfans.eu\/fr\/wp-json\/wp\/v2\/types\/page"}],"author":[{"embeddable":true,"href":"https:\/\/pickleballfans.eu\/fr\/wp-json\/wp\/v2\/users\/1"}],"replies":[{"embeddable":true,"href":"https:\/\/pickleballfans.eu\/fr\/wp-json\/wp\/v2\/comments?post=7529"}],"version-history":[{"count":22,"href":"https:\/\/pickleballfans.eu\/fr\/wp-json\/wp\/v2\/pages\/7529\/revisions"}],"predecessor-version":[{"id":8295,"href":"https:\/\/pickleballfans.eu\/fr\/wp-json\/wp\/v2\/pages\/7529\/revisions\/8295"}],"wp:attachment":[{"href":"https:\/\/pickleballfans.eu\/fr\/wp-json\/wp\/v2\/media?parent=7529"}],"curies":[{"name":"wp","href":"https:\/\/api.w.org\/{rel}","templated":true}]}}