{"id":7954,"date":"2025-01-02T15:40:14","date_gmt":"2025-01-02T14:40:14","guid":{"rendered":"https:\/\/pickleballfans.eu\/new\/?page_id=7954"},"modified":"2025-01-24T10:41:51","modified_gmt":"2025-01-24T09:41:51","slug":"wijzig","status":"publish","type":"page","link":"https:\/\/pickleballfans.eu\/fr\/wijzig\/","title":{"rendered":"Wijzig"},"content":{"rendered":"<div data-elementor-type=\"wp-page\" data-elementor-id=\"7954\" class=\"elementor elementor-7954\" data-elementor-post-type=\"page\">\n\t\t\t\t<div class=\"elementor-element elementor-element-c416d9e e-flex e-con-boxed e-con e-parent\" data-id=\"c416d9e\" data-element_type=\"container\" data-e-type=\"container\">\n\t\t\t\t\t<div class=\"e-con-inner\">\n\t\t\t\t<div class=\"elementor-element elementor-element-cafdfbf elementor-widget elementor-widget-shortcode\" data-id=\"cafdfbf\" data-element_type=\"widget\" data-e-type=\"widget\" data-widget_type=\"shortcode.default\">\n\t\t\t\t<div class=\"elementor-widget-container\">\n\t\t\t\t\t\t\t<div class=\"elementor-shortcode\"><p class=\"subtitel_wijzig\"><\/p><h1><\/h1><\/div>\n\t\t\t\t\t\t<\/div>\n\t\t\t\t<\/div>\n\t\t\t\t\t<\/div>\n\t\t\t\t<\/div>\n\t\t<div class=\"elementor-element elementor-element-d98784d e-flex e-con-boxed e-con e-parent\" data-id=\"d98784d\" data-element_type=\"container\" data-e-type=\"container\" data-settings=\"{&quot;background_background&quot;:&quot;classic&quot;}\">\n\t\t\t\t\t<div class=\"e-con-inner\">\n\t\t\t\t<div class=\"elementor-element elementor-element-3c8ba3f elementor-widget elementor-widget-shortcode\" data-id=\"3c8ba3f\" data-element_type=\"widget\" data-e-type=\"widget\" data-widget_type=\"shortcode.default\">\n\t\t\t\t<div class=\"elementor-widget-container\">\n\t\t\t\t\t\t\t<div class=\"elementor-shortcode\"><p>Param\u00e8tres requis manquants. Veuillez v\u00e9rifier l'URL et r\u00e9essayer.<\/p><\/div>\n\t\t\t\t\t\t<\/div>\n\t\t\t\t<\/div>\n\t\t\t\t\t<\/div>\n\t\t\t\t<\/div>\n\t\t\t\t<\/div>","protected":false},"excerpt":{"rendered":"","protected":false},"author":1,"featured_media":0,"parent":0,"menu_order":0,"comment_status":"closed","ping_status":"closed","template":"elementor_header_footer","meta":{"_acf_changed":false,"footnotes":""},"class_list":["post-7954","page","type-page","status-publish","hentry"],"acf":[],"_links":{"self":[{"href":"https:\/\/pickleballfans.eu\/fr\/wp-json\/wp\/v2\/pages\/7954","targetHints":{"allow":["GET"]}}],"collection":[{"href":"https:\/\/pickleballfans.eu\/fr\/wp-json\/wp\/v2\/pages"}],"about":[{"href":"https:\/\/pickleballfans.eu\/fr\/wp-json\/wp\/v2\/types\/page"}],"author":[{"embeddable":true,"href":"https:\/\/pickleballfans.eu\/fr\/wp-json\/wp\/v2\/users\/1"}],"replies":[{"embeddable":true,"href":"https:\/\/pickleballfans.eu\/fr\/wp-json\/wp\/v2\/comments?post=7954"}],"version-history":[{"count":22,"href":"https:\/\/pickleballfans.eu\/fr\/wp-json\/wp\/v2\/pages\/7954\/revisions"}],"predecessor-version":[{"id":9829,"href":"https:\/\/pickleballfans.eu\/fr\/wp-json\/wp\/v2\/pages\/7954\/revisions\/9829"}],"wp:attachment":[{"href":"https:\/\/pickleballfans.eu\/fr\/wp-json\/wp\/v2\/media?parent=7954"}],"curies":[{"name":"wp","href":"https:\/\/api.w.org\/{rel}","templated":true}]}}